{"id":921,"date":"2020-04-30T19:36:15","date_gmt":"2020-04-30T17:36:15","guid":{"rendered":"https:\/\/www.santenaturelle-et-massage-fontainebleau.fr\/?page_id=921"},"modified":"2022-08-17T23:33:44","modified_gmt":"2022-08-17T21:33:44","slug":"ma-praticienne","status":"publish","type":"page","link":"https:\/\/www.santenaturelle-et-massage-fontainebleau.fr\/index.php\/ma-praticienne\/","title":{"rendered":"VOTRE PRATICIENNE"},"content":{"rendered":"<div class=\"wp-block-image\">\n<figure class=\"aligncenter size-medium\"><img loading=\"lazy\" decoding=\"async\" width=\"300\" height=\"300\" src=\"https:\/\/www.santenaturelle-et-massage-fontainebleau.fr\/wp-content\/uploads\/2019\/09\/logo-sant\u00e9-naturelle-et-massage-fontainebleau-300x300.jpg\" alt=\"accueil logo sant\u00e9 naturelle et massage fontainebleau\" class=\"wp-image-675\" srcset=\"https:\/\/www.santenaturelle-et-massage-fontainebleau.fr\/wp-content\/uploads\/2019\/09\/logo-sant\u00e9-naturelle-et-massage-fontainebleau-300x300.jpg 300w, https:\/\/www.santenaturelle-et-massage-fontainebleau.fr\/wp-content\/uploads\/2019\/09\/logo-sant\u00e9-naturelle-et-massage-fontainebleau-150x150.jpg 150w, https:\/\/www.santenaturelle-et-massage-fontainebleau.fr\/wp-content\/uploads\/2019\/09\/logo-sant\u00e9-naturelle-et-massage-fontainebleau-768x768.jpg 768w, https:\/\/www.santenaturelle-et-massage-fontainebleau.fr\/wp-content\/uploads\/2019\/09\/logo-sant\u00e9-naturelle-et-massage-fontainebleau-1024x1024.jpg 1024w, https:\/\/www.santenaturelle-et-massage-fontainebleau.fr\/wp-content\/uploads\/2019\/09\/logo-sant\u00e9-naturelle-et-massage-fontainebleau-610x610.jpg 610w, https:\/\/www.santenaturelle-et-massage-fontainebleau.fr\/wp-content\/uploads\/2019\/09\/logo-sant\u00e9-naturelle-et-massage-fontainebleau-100x100.jpg 100w\" sizes=\"auto, (max-width: 300px) 100vw, 300px\" \/><figcaption>                                                                    <\/figcaption><\/figure>\n<\/div>\n\n\n<div class=\"wp-block-group\"><div class=\"wp-block-group__inner-container is-layout-flow wp-block-group-is-layout-flow\">\n<div class=\"wp-block-group\"><div class=\"wp-block-group__inner-container is-layout-flow wp-block-group-is-layout-flow\">\n<div class=\"wp-block-group\"><div class=\"wp-block-group__inner-container is-layout-flow wp-block-group-is-layout-flow\"><div class=\"wp-block-image is-style-rounded\">\n<figure class=\"alignright size-thumbnail\"><img loading=\"lazy\" decoding=\"async\" width=\"150\" height=\"150\" src=\"https:\/\/www.santenaturelle-et-massage-fontainebleau.fr\/wp-content\/uploads\/2022\/08\/votre-praticienne-Nathalie-rubio-sante-naturelle-et-massage-fontainebleau-edited-150x150.jpg\" alt=\"\" class=\"wp-image-1220\" srcset=\"https:\/\/www.santenaturelle-et-massage-fontainebleau.fr\/wp-content\/uploads\/2022\/08\/votre-praticienne-Nathalie-rubio-sante-naturelle-et-massage-fontainebleau-edited-150x150.jpg 150w, https:\/\/www.santenaturelle-et-massage-fontainebleau.fr\/wp-content\/uploads\/2022\/08\/votre-praticienne-Nathalie-rubio-sante-naturelle-et-massage-fontainebleau-edited-100x100.jpg 100w\" sizes=\"auto, (max-width: 150px) 100vw, 150px\" \/><figcaption>                                                                                                   <\/figcaption><\/figure>\n<\/div><\/div><\/div>\n<\/div><\/div>\n<\/div><\/div>\n\n\n\n<h2 class=\"wp-block-heading\">Votre praticienne en sant\u00e9 naturelle <\/h2>\n\n\n\n<blockquote class=\"wp-block-quote is-layout-flow wp-block-quote-is-layout-flow\"><p>En quelques mots : bienveillante, \u00e0 l&rsquo;\u00e9coute et intuitive.<\/p><\/blockquote>\n\n\n\n<p class=\"has-small-font-size\">\u00ab\u00a0Entre savoir et pratique, je vous propose des s\u00e9ances issues de la M\u00e9thode \u00c9donis\u00ae, des massages <em>An Mo<\/em> et <em>Tui Na<\/em>, la moxibustion, l\u2019auriculoth\u00e9rapie et la naturopathie accompagn\u00e9e de phyto-micronutrition aussi.<br><br>Issue d\u2019une famille d\u2019origine espagnole avant-gardiste dans le BIO,  je relie tous  les domaines du bien-\u00eatre dans ma pratique. Une passion et un vrai \u00e9panouissement pour moi que de pouvoir vous transmettre  ces bienfaits pour le corps et l&rsquo;esprit.<\/p>\n\n\n\n<div class=\"wp-block-group\"><div class=\"wp-block-group__inner-container is-layout-flow wp-block-group-is-layout-flow\"><\/div><\/div>\n\n\n\n<div class=\"wp-block-media-text alignwide is-stacked-on-mobile\"><figure class=\"wp-block-media-text__media\"><img loading=\"lazy\" decoding=\"async\" width=\"683\" height=\"1024\" src=\"https:\/\/www.santenaturelle-et-massage-fontainebleau.fr\/wp-content\/uploads\/2022\/08\/votre-praticienne-Nathalie-Rubio-sante-naturelle-et-massage-683x1024.jpg\" alt=\"\" class=\"wp-image-1107 size-full\" srcset=\"https:\/\/www.santenaturelle-et-massage-fontainebleau.fr\/wp-content\/uploads\/2022\/08\/votre-praticienne-Nathalie-Rubio-sante-naturelle-et-massage-683x1024.jpg 683w, https:\/\/www.santenaturelle-et-massage-fontainebleau.fr\/wp-content\/uploads\/2022\/08\/votre-praticienne-Nathalie-Rubio-sante-naturelle-et-massage-200x300.jpg 200w, https:\/\/www.santenaturelle-et-massage-fontainebleau.fr\/wp-content\/uploads\/2022\/08\/votre-praticienne-Nathalie-Rubio-sante-naturelle-et-massage-768x1152.jpg 768w, https:\/\/www.santenaturelle-et-massage-fontainebleau.fr\/wp-content\/uploads\/2022\/08\/votre-praticienne-Nathalie-Rubio-sante-naturelle-et-massage-1024x1536.jpg 1024w, https:\/\/www.santenaturelle-et-massage-fontainebleau.fr\/wp-content\/uploads\/2022\/08\/votre-praticienne-Nathalie-Rubio-sante-naturelle-et-massage-1365x2048.jpg 1365w, https:\/\/www.santenaturelle-et-massage-fontainebleau.fr\/wp-content\/uploads\/2022\/08\/votre-praticienne-Nathalie-Rubio-sante-naturelle-et-massage-610x915.jpg 610w, https:\/\/www.santenaturelle-et-massage-fontainebleau.fr\/wp-content\/uploads\/2022\/08\/votre-praticienne-Nathalie-Rubio-sante-naturelle-et-massage-scaled.jpg 1707w\" sizes=\"auto, (max-width: 683px) 100vw, 683px\" \/><\/figure><div class=\"wp-block-media-text__content\">\n<p class=\"has-small-font-size\"><br>Cette voie je l&rsquo;ai suivie apr\u00e8s des changements professionnels. Et quel bonheur ! Une vraie r\u00e9v\u00e9lation pour moi. J&rsquo;ai repris mes \u00e9tudes de <a href=\"https:\/\/www.santenaturelle-et-massage-fontainebleau.fr\/index.php\/methode-traditionnelle-chinoise\/\">M\u00e9decine traditionnelle chinoise<\/a> et techniques manuelles : balinaises, chinoises, ayurv\u00e9diques, cor\u00e9ennes, californiennes.<\/p>\n\n\n\n<p class=\"has-small-font-size\">Maman, cela me permet aussi de prodiguer les massages sur le b\u00e9b\u00e9 et l\u2019enfant, sous forme de <em>Tui-Na<\/em>.<br>  <br>Chaque rendez-vous se d\u00e9roule en fonction de vous. Les s\u00e9ances sur-mesure j&rsquo;y tiens, afin d&rsquo;harmoniser les r\u00e9sultats sur le long terme. C&rsquo;est ma fa\u00e7on de travailler.<br><\/p>\n\n\n\n<p class=\"has-small-font-size\">Au plaisir de vous accueillir bient\u00f4t pour un instant de l\u00e2cher-prise \u00a0\u00bb <br> <\/p>\n\n\n\n<p><\/p>\n<\/div><\/div>\n","protected":false},"excerpt":{"rendered":"<p>Votre praticienne en sant\u00e9 naturelle En quelques mots : bienveillante, \u00e0 l&rsquo;\u00e9coute et intuitive. \u00ab\u00a0Entre savoir et pratique, je vous propose des s\u00e9ances issues de la M\u00e9thode \u00c9donis\u00ae, des massages An Mo et Tui Na, la moxibustion, l\u2019auriculoth\u00e9rapie et la naturopathie accompagn\u00e9e de phyto-micronutrition aussi. Issue d\u2019une famille d\u2019origine espagnole avant-gardiste dans le BIO, je &hellip; <\/p>\n<p class=\"link-more\"><a href=\"https:\/\/www.santenaturelle-et-massage-fontainebleau.fr\/index.php\/ma-praticienne\/\" class=\"more-link\">Continuer la lecture<span class=\"screen-reader-text\"> de &laquo;&nbsp;VOTRE PRATICIENNE&nbsp;&raquo;<\/span><\/a><\/p>\n","protected":false},"author":3,"featured_media":0,"parent":0,"menu_order":0,"comment_status":"closed","ping_status":"closed","template":"","meta":{"_exactmetrics_skip_tracking":false,"_exactmetrics_sitenote_active":false,"_exactmetrics_sitenote_note":"","_exactmetrics_sitenote_category":0,"footnotes":""},"class_list":["post-921","page","type-page","status-publish","hentry"],"yoast_head":"<!-- This site is optimized with the Yoast SEO plugin v27.5 - https:\/\/yoast.com\/product\/yoast-seo-wordpress\/ -->\n<title>VOTRE PRATICIENNE - Sant\u00e9 Naturelle et Massage<\/title>\n<meta name=\"description\" content=\"Votre praticienne en sant\u00e9 naturelle et massage se pr\u00e9sente en quelques mots. D\u00e9couvrez Nathalie Rubio \u00e0 travers ses s\u00e9ances bien-\u00eatre : naturopathie, MTC..\" \/>\n<meta name=\"robots\" content=\"index, follow, max-snippet:-1, max-image-preview:large, max-video-preview:-1\" \/>\n<link rel=\"canonical\" href=\"https:\/\/www.santenaturelle-et-massage-fontainebleau.fr\/index.php\/ma-praticienne\/\" \/>\n<meta name=\"twitter:card\" content=\"summary_large_image\" \/>\n<meta name=\"twitter:title\" content=\"VOTRE PRATICIENNE - Sant\u00e9 Naturelle et Massage\" \/>\n<meta name=\"twitter:description\" content=\"Votre praticienne en sant\u00e9 naturelle et massage se pr\u00e9sente en quelques mots. D\u00e9couvrez Nathalie Rubio \u00e0 travers ses s\u00e9ances bien-\u00eatre : naturopathie, MTC..\" \/>\n<meta name=\"twitter:image\" content=\"https:\/\/www.santenaturelle-et-massage-fontainebleau.fr\/wp-content\/uploads\/2022\/08\/votre-praticienne-Nathalie-rubio-sante-naturelle-et-massage-fontainebleau-edited.jpg\" \/>\n<meta name=\"twitter:label1\" content=\"Dur\u00e9e de lecture estim\u00e9e\" \/>\n\t<meta name=\"twitter:data1\" content=\"2 minutes\" \/>\n<script type=\"application\/ld+json\" class=\"yoast-schema-graph\">{\"@context\":\"https:\\\/\\\/schema.org\",\"@graph\":[{\"@type\":\"WebPage\",\"@id\":\"https:\\\/\\\/www.santenaturelle-et-massage-fontainebleau.fr\\\/index.php\\\/ma-praticienne\\\/\",\"url\":\"https:\\\/\\\/www.santenaturelle-et-massage-fontainebleau.fr\\\/index.php\\\/ma-praticienne\\\/\",\"name\":\"VOTRE PRATICIENNE - Sant\u00e9 Naturelle et Massage\",\"isPartOf\":{\"@id\":\"https:\\\/\\\/www.santenaturelle-et-massage-fontainebleau.fr\\\/#website\"},\"primaryImageOfPage\":{\"@id\":\"https:\\\/\\\/www.santenaturelle-et-massage-fontainebleau.fr\\\/index.php\\\/ma-praticienne\\\/#primaryimage\"},\"image\":{\"@id\":\"https:\\\/\\\/www.santenaturelle-et-massage-fontainebleau.fr\\\/index.php\\\/ma-praticienne\\\/#primaryimage\"},\"thumbnailUrl\":\"https:\\\/\\\/www.santenaturelle-et-massage-fontainebleau.fr\\\/wp-content\\\/uploads\\\/2022\\\/08\\\/votre-praticienne-Nathalie-rubio-sante-naturelle-et-massage-fontainebleau-edited-150x150.jpg\",\"datePublished\":\"2020-04-30T17:36:15+00:00\",\"dateModified\":\"2022-08-17T21:33:44+00:00\",\"description\":\"Votre praticienne en sant\u00e9 naturelle et massage se pr\u00e9sente en quelques mots. D\u00e9couvrez Nathalie Rubio \u00e0 travers ses s\u00e9ances bien-\u00eatre : naturopathie, MTC..\",\"breadcrumb\":{\"@id\":\"https:\\\/\\\/www.santenaturelle-et-massage-fontainebleau.fr\\\/index.php\\\/ma-praticienne\\\/#breadcrumb\"},\"inLanguage\":\"fr-FR\",\"potentialAction\":[{\"@type\":\"ReadAction\",\"target\":[\"https:\\\/\\\/www.santenaturelle-et-massage-fontainebleau.fr\\\/index.php\\\/ma-praticienne\\\/\"]}]},{\"@type\":\"ImageObject\",\"inLanguage\":\"fr-FR\",\"@id\":\"https:\\\/\\\/www.santenaturelle-et-massage-fontainebleau.fr\\\/index.php\\\/ma-praticienne\\\/#primaryimage\",\"url\":\"https:\\\/\\\/www.santenaturelle-et-massage-fontainebleau.fr\\\/wp-content\\\/uploads\\\/2022\\\/08\\\/votre-praticienne-Nathalie-rubio-sante-naturelle-et-massage-fontainebleau-edited.jpg\",\"contentUrl\":\"https:\\\/\\\/www.santenaturelle-et-massage-fontainebleau.fr\\\/wp-content\\\/uploads\\\/2022\\\/08\\\/votre-praticienne-Nathalie-rubio-sante-naturelle-et-massage-fontainebleau-edited.jpg\",\"width\":767,\"height\":1024},{\"@type\":\"BreadcrumbList\",\"@id\":\"https:\\\/\\\/www.santenaturelle-et-massage-fontainebleau.fr\\\/index.php\\\/ma-praticienne\\\/#breadcrumb\",\"itemListElement\":[{\"@type\":\"ListItem\",\"position\":1,\"name\":\"Accueil\",\"item\":\"https:\\\/\\\/www.santenaturelle-et-massage-fontainebleau.fr\\\/\"},{\"@type\":\"ListItem\",\"position\":2,\"name\":\"VOTRE PRATICIENNE\"}]},{\"@type\":\"WebSite\",\"@id\":\"https:\\\/\\\/www.santenaturelle-et-massage-fontainebleau.fr\\\/#website\",\"url\":\"https:\\\/\\\/www.santenaturelle-et-massage-fontainebleau.fr\\\/\",\"name\":\"Sant\u00e9 Naturelle et Massage\",\"description\":\"FONTAINEBLEAU\",\"publisher\":{\"@id\":\"https:\\\/\\\/www.santenaturelle-et-massage-fontainebleau.fr\\\/#organization\"},\"potentialAction\":[{\"@type\":\"SearchAction\",\"target\":{\"@type\":\"EntryPoint\",\"urlTemplate\":\"https:\\\/\\\/www.santenaturelle-et-massage-fontainebleau.fr\\\/?s={search_term_string}\"},\"query-input\":{\"@type\":\"PropertyValueSpecification\",\"valueRequired\":true,\"valueName\":\"search_term_string\"}}],\"inLanguage\":\"fr-FR\"},{\"@type\":\"Organization\",\"@id\":\"https:\\\/\\\/www.santenaturelle-et-massage-fontainebleau.fr\\\/#organization\",\"name\":\"Sant\u00e9 Naturelle et Massage\",\"url\":\"https:\\\/\\\/www.santenaturelle-et-massage-fontainebleau.fr\\\/\",\"logo\":{\"@type\":\"ImageObject\",\"inLanguage\":\"fr-FR\",\"@id\":\"https:\\\/\\\/www.santenaturelle-et-massage-fontainebleau.fr\\\/#\\\/schema\\\/logo\\\/image\\\/\",\"url\":\"https:\\\/\\\/www.santenaturelle-et-massage-fontainebleau.fr\\\/wp-content\\\/uploads\\\/2020\\\/02\\\/cropped-thumbnail_22298-logotipo-Masages-Nathalie-02.jpg\",\"contentUrl\":\"https:\\\/\\\/www.santenaturelle-et-massage-fontainebleau.fr\\\/wp-content\\\/uploads\\\/2020\\\/02\\\/cropped-thumbnail_22298-logotipo-Masages-Nathalie-02.jpg\",\"width\":250,\"height\":250,\"caption\":\"Sant\u00e9 Naturelle et Massage\"},\"image\":{\"@id\":\"https:\\\/\\\/www.santenaturelle-et-massage-fontainebleau.fr\\\/#\\\/schema\\\/logo\\\/image\\\/\"},\"sameAs\":[\"http:\\\/\\\/www.facebook.com\\\/SanteNaturelleMassageFontainebleau\\\/\"]}]}<\/script>\n<!-- \/ Yoast SEO plugin. -->","yoast_head_json":{"title":"VOTRE PRATICIENNE - Sant\u00e9 Naturelle et Massage","description":"Votre praticienne en sant\u00e9 naturelle et massage se pr\u00e9sente en quelques mots. D\u00e9couvrez Nathalie Rubio \u00e0 travers ses s\u00e9ances bien-\u00eatre : naturopathie, MTC..","robots":{"index":"index","follow":"follow","max-snippet":"max-snippet:-1","max-image-preview":"max-image-preview:large","max-video-preview":"max-video-preview:-1"},"canonical":"https:\/\/www.santenaturelle-et-massage-fontainebleau.fr\/index.php\/ma-praticienne\/","twitter_card":"summary_large_image","twitter_title":"VOTRE PRATICIENNE - Sant\u00e9 Naturelle et Massage","twitter_description":"Votre praticienne en sant\u00e9 naturelle et massage se pr\u00e9sente en quelques mots. D\u00e9couvrez Nathalie Rubio \u00e0 travers ses s\u00e9ances bien-\u00eatre : naturopathie, MTC..","twitter_image":"https:\/\/www.santenaturelle-et-massage-fontainebleau.fr\/wp-content\/uploads\/2022\/08\/votre-praticienne-Nathalie-rubio-sante-naturelle-et-massage-fontainebleau-edited.jpg","twitter_misc":{"Dur\u00e9e de lecture estim\u00e9e":"2 minutes"},"schema":{"@context":"https:\/\/schema.org","@graph":[{"@type":"WebPage","@id":"https:\/\/www.santenaturelle-et-massage-fontainebleau.fr\/index.php\/ma-praticienne\/","url":"https:\/\/www.santenaturelle-et-massage-fontainebleau.fr\/index.php\/ma-praticienne\/","name":"VOTRE PRATICIENNE - Sant\u00e9 Naturelle et Massage","isPartOf":{"@id":"https:\/\/www.santenaturelle-et-massage-fontainebleau.fr\/#website"},"primaryImageOfPage":{"@id":"https:\/\/www.santenaturelle-et-massage-fontainebleau.fr\/index.php\/ma-praticienne\/#primaryimage"},"image":{"@id":"https:\/\/www.santenaturelle-et-massage-fontainebleau.fr\/index.php\/ma-praticienne\/#primaryimage"},"thumbnailUrl":"https:\/\/www.santenaturelle-et-massage-fontainebleau.fr\/wp-content\/uploads\/2022\/08\/votre-praticienne-Nathalie-rubio-sante-naturelle-et-massage-fontainebleau-edited-150x150.jpg","datePublished":"2020-04-30T17:36:15+00:00","dateModified":"2022-08-17T21:33:44+00:00","description":"Votre praticienne en sant\u00e9 naturelle et massage se pr\u00e9sente en quelques mots. D\u00e9couvrez Nathalie Rubio \u00e0 travers ses s\u00e9ances bien-\u00eatre : naturopathie, MTC..","breadcrumb":{"@id":"https:\/\/www.santenaturelle-et-massage-fontainebleau.fr\/index.php\/ma-praticienne\/#breadcrumb"},"inLanguage":"fr-FR","potentialAction":[{"@type":"ReadAction","target":["https:\/\/www.santenaturelle-et-massage-fontainebleau.fr\/index.php\/ma-praticienne\/"]}]},{"@type":"ImageObject","inLanguage":"fr-FR","@id":"https:\/\/www.santenaturelle-et-massage-fontainebleau.fr\/index.php\/ma-praticienne\/#primaryimage","url":"https:\/\/www.santenaturelle-et-massage-fontainebleau.fr\/wp-content\/uploads\/2022\/08\/votre-praticienne-Nathalie-rubio-sante-naturelle-et-massage-fontainebleau-edited.jpg","contentUrl":"https:\/\/www.santenaturelle-et-massage-fontainebleau.fr\/wp-content\/uploads\/2022\/08\/votre-praticienne-Nathalie-rubio-sante-naturelle-et-massage-fontainebleau-edited.jpg","width":767,"height":1024},{"@type":"BreadcrumbList","@id":"https:\/\/www.santenaturelle-et-massage-fontainebleau.fr\/index.php\/ma-praticienne\/#breadcrumb","itemListElement":[{"@type":"ListItem","position":1,"name":"Accueil","item":"https:\/\/www.santenaturelle-et-massage-fontainebleau.fr\/"},{"@type":"ListItem","position":2,"name":"VOTRE PRATICIENNE"}]},{"@type":"WebSite","@id":"https:\/\/www.santenaturelle-et-massage-fontainebleau.fr\/#website","url":"https:\/\/www.santenaturelle-et-massage-fontainebleau.fr\/","name":"Sant\u00e9 Naturelle et Massage","description":"FONTAINEBLEAU","publisher":{"@id":"https:\/\/www.santenaturelle-et-massage-fontainebleau.fr\/#organization"},"potentialAction":[{"@type":"SearchAction","target":{"@type":"EntryPoint","urlTemplate":"https:\/\/www.santenaturelle-et-massage-fontainebleau.fr\/?s={search_term_string}"},"query-input":{"@type":"PropertyValueSpecification","valueRequired":true,"valueName":"search_term_string"}}],"inLanguage":"fr-FR"},{"@type":"Organization","@id":"https:\/\/www.santenaturelle-et-massage-fontainebleau.fr\/#organization","name":"Sant\u00e9 Naturelle et Massage","url":"https:\/\/www.santenaturelle-et-massage-fontainebleau.fr\/","logo":{"@type":"ImageObject","inLanguage":"fr-FR","@id":"https:\/\/www.santenaturelle-et-massage-fontainebleau.fr\/#\/schema\/logo\/image\/","url":"https:\/\/www.santenaturelle-et-massage-fontainebleau.fr\/wp-content\/uploads\/2020\/02\/cropped-thumbnail_22298-logotipo-Masages-Nathalie-02.jpg","contentUrl":"https:\/\/www.santenaturelle-et-massage-fontainebleau.fr\/wp-content\/uploads\/2020\/02\/cropped-thumbnail_22298-logotipo-Masages-Nathalie-02.jpg","width":250,"height":250,"caption":"Sant\u00e9 Naturelle et Massage"},"image":{"@id":"https:\/\/www.santenaturelle-et-massage-fontainebleau.fr\/#\/schema\/logo\/image\/"},"sameAs":["http:\/\/www.facebook.com\/SanteNaturelleMassageFontainebleau\/"]}]}},"_links":{"self":[{"href":"https:\/\/www.santenaturelle-et-massage-fontainebleau.fr\/index.php\/wp-json\/wp\/v2\/pages\/921","targetHints":{"allow":["GET"]}}],"collection":[{"href":"https:\/\/www.santenaturelle-et-massage-fontainebleau.fr\/index.php\/wp-json\/wp\/v2\/pages"}],"about":[{"href":"https:\/\/www.santenaturelle-et-massage-fontainebleau.fr\/index.php\/wp-json\/wp\/v2\/types\/page"}],"author":[{"embeddable":true,"href":"https:\/\/www.santenaturelle-et-massage-fontainebleau.fr\/index.php\/wp-json\/wp\/v2\/users\/3"}],"replies":[{"embeddable":true,"href":"https:\/\/www.santenaturelle-et-massage-fontainebleau.fr\/index.php\/wp-json\/wp\/v2\/comments?post=921"}],"version-history":[{"count":0,"href":"https:\/\/www.santenaturelle-et-massage-fontainebleau.fr\/index.php\/wp-json\/wp\/v2\/pages\/921\/revisions"}],"wp:attachment":[{"href":"https:\/\/www.santenaturelle-et-massage-fontainebleau.fr\/index.php\/wp-json\/wp\/v2\/media?parent=921"}],"curies":[{"name":"wp","href":"https:\/\/api.w.org\/{rel}","templated":true}]}}