{"id":80,"date":"2018-03-29T15:56:15","date_gmt":"2018-03-29T13:56:15","guid":{"rendered":"https:\/\/www.santenaturelle-et-massage-fontainebleau.fr\/?page_id=80"},"modified":"2022-08-17T12:18:18","modified_gmt":"2022-08-17T10:18:18","slug":"moxibustion","status":"publish","type":"page","link":"https:\/\/www.santenaturelle-et-massage-fontainebleau.fr\/index.php\/moxibustion\/","title":{"rendered":"MOXIBUSTION"},"content":{"rendered":"\n<h1 class=\"has-text-align-center wp-block-heading\"><img loading=\"lazy\" decoding=\"async\" width=\"130\" height=\"109\" class=\"aligncenter  wp-image-687\" src=\"https:\/\/www.santenaturelle-et-massage-fontainebleau.fr\/wp-content\/uploads\/2019\/09\/massage-et-sant\u00e9-naturelle-300x251.png\" alt=\"logo massage sant\u00e9 naturelle\" srcset=\"https:\/\/www.santenaturelle-et-massage-fontainebleau.fr\/wp-content\/uploads\/2019\/09\/massage-et-sant\u00e9-naturelle-300x251.png 300w, https:\/\/www.santenaturelle-et-massage-fontainebleau.fr\/wp-content\/uploads\/2019\/09\/massage-et-sant\u00e9-naturelle-768x642.png 768w, https:\/\/www.santenaturelle-et-massage-fontainebleau.fr\/wp-content\/uploads\/2019\/09\/massage-et-sant\u00e9-naturelle-1024x856.png 1024w, https:\/\/www.santenaturelle-et-massage-fontainebleau.fr\/wp-content\/uploads\/2019\/09\/massage-et-sant\u00e9-naturelle-610x510.png 610w, https:\/\/www.santenaturelle-et-massage-fontainebleau.fr\/wp-content\/uploads\/2019\/09\/massage-et-sant\u00e9-naturelle.png 1600w\" sizes=\"auto, (max-width: 130px) 100vw, 130px\" \/><br><br><span style=\"color: #333333;\">LA MOXIBUSTION<\/span><\/h1>\n\n\n\n<h2 class=\"has-text-align-center wp-block-heading\"><span style=\"font-size: 1.625rem;\">Une solution vitalit\u00e9 pour les organismes les plus fragiles.<\/span> Gr\u00e2ce \u00e0 l&rsquo;application d&rsquo;une chaleur douce diffus\u00e9e \u00e0 l&rsquo;aide d&rsquo;un b\u00e2ton de moxa, ce protocole permet le r\u00e9tablissement et le regain d&rsquo;\u00e9nergie.<\/h2>\n\n\n<div class=\"wp-block-image\">\n<figure class=\"alignright size-medium\"><img loading=\"lazy\" decoding=\"async\" width=\"300\" height=\"300\" src=\"https:\/\/www.santenaturelle-et-massage-fontainebleau.fr\/wp-content\/uploads\/2022\/08\/Moxibustion-sante-naturelle-et-massage-nathalie-rubio-edited-300x300.jpg\" alt=\"\" class=\"wp-image-1112\" srcset=\"https:\/\/www.santenaturelle-et-massage-fontainebleau.fr\/wp-content\/uploads\/2022\/08\/Moxibustion-sante-naturelle-et-massage-nathalie-rubio-edited-300x300.jpg 300w, https:\/\/www.santenaturelle-et-massage-fontainebleau.fr\/wp-content\/uploads\/2022\/08\/Moxibustion-sante-naturelle-et-massage-nathalie-rubio-edited-1024x1024.jpg 1024w, https:\/\/www.santenaturelle-et-massage-fontainebleau.fr\/wp-content\/uploads\/2022\/08\/Moxibustion-sante-naturelle-et-massage-nathalie-rubio-edited-150x150.jpg 150w, https:\/\/www.santenaturelle-et-massage-fontainebleau.fr\/wp-content\/uploads\/2022\/08\/Moxibustion-sante-naturelle-et-massage-nathalie-rubio-edited-768x769.jpg 768w, https:\/\/www.santenaturelle-et-massage-fontainebleau.fr\/wp-content\/uploads\/2022\/08\/Moxibustion-sante-naturelle-et-massage-nathalie-rubio-edited-610x610.jpg 610w, https:\/\/www.santenaturelle-et-massage-fontainebleau.fr\/wp-content\/uploads\/2022\/08\/Moxibustion-sante-naturelle-et-massage-nathalie-rubio-edited-100x100.jpg 100w, https:\/\/www.santenaturelle-et-massage-fontainebleau.fr\/wp-content\/uploads\/2022\/08\/Moxibustion-sante-naturelle-et-massage-nathalie-rubio-edited.jpg 1242w\" sizes=\"auto, (max-width: 300px) 100vw, 300px\" \/><\/figure>\n<\/div>\n\n\n<p class=\"has-small-font-size\">La moxibustion est bas\u00e9e sur une technique de m\u00e9decine traditionnelle chinoise. Pour ce faire,&nbsp; \u00e0 l&rsquo;aide d&rsquo;un b\u00e2ton de moxa diffusant une chaleur douce sans odeur ni fum\u00e9e, des points d\u2019acupuncture pr\u00e9cis sont stimul\u00e9s.<\/p>\n\n\n\n<p class=\"has-small-font-size\">En cons\u00e9quence, cette m\u00e9thode agit pour renforcer l&rsquo;\u00e9nergie vitale (Zheng Qi). Toute zone endolorie se verra d\u00e9tendue gr\u00e2ce au moxa.<\/p>\n\n\n\n<p class=\"has-small-font-size\">Particuli\u00e8rement recommand\u00e9e pour les patients suivant des traitements lourds (Alzheimer, cancer avec accord du m\u00e9decin, Parkinson&#8230;) ou en convalescence. <br>\u00c9galement adapt\u00e9e aux personnes \u00e2g\u00e9es se plaignant de douleurs, aux enfants souffrant de nervosit\u00e9, la moxibustion se veut accompagner les plus fragiles pour r\u00e9\u00e9quilibrer corps et esprit puis \u00eatre en forme plus longtemps.<\/p>\n\n\n\n<p class=\"has-small-font-size\">Les peaux sensibles et douloureuses devront \u00e9viter les techniques manuelles qui pourraient davantage fatiguer. Ce proc\u00e9d\u00e9 traditionnel chinois est une excellente alternative naturelle et efficace.<\/p>\n\n\n\n<p class=\"has-small-font-size\">La moxibustion peut justifier d&rsquo;une s\u00e9ance \u00ab\u00a0courte\u00a0\u00bb et \u00eatre pratiqu\u00e9e seule. Ou bien \u00eatre int\u00e9gr\u00e9e au cours d&rsquo;autres protocoles bien-\u00eatre.<\/p>\n\n\n\n<h4 class=\"wp-block-heading\"><a href=\"https:\/\/www.santenaturelle-et-massage-fontainebleau.fr\/index.php\/tarifs-des-massages\/\"><strong>Tarif de la s\u00e9ance<\/strong><\/a><\/h4>\n\n\n\n<h4 class=\"wp-block-heading\"><a href=\"https:\/\/www.santenaturelle-et-massage-fontainebleau.fr\/index.php\/mon-rendez-vous-massage\/\">R\u00e9server ma s\u00e9ance <\/a><\/h4>\n\n\n<div class=\"wp-block-image\">\n<figure class=\"alignright\"><img loading=\"lazy\" decoding=\"async\" width=\"300\" height=\"169\" src=\"https:\/\/www.santenaturelle-et-massage-fontainebleau.fr\/wp-content\/uploads\/2018\/11\/m\u00e9thode-traditionnelle-chinoise-m\u00e9decine-300x169.jpg\" alt=\"moxibustion sant\u00e9 naturelle et massage \" class=\"wp-image-509\" srcset=\"https:\/\/www.santenaturelle-et-massage-fontainebleau.fr\/wp-content\/uploads\/2018\/11\/m\u00e9thode-traditionnelle-chinoise-m\u00e9decine-300x169.jpg 300w, https:\/\/www.santenaturelle-et-massage-fontainebleau.fr\/wp-content\/uploads\/2018\/11\/m\u00e9thode-traditionnelle-chinoise-m\u00e9decine-768x432.jpg 768w, https:\/\/www.santenaturelle-et-massage-fontainebleau.fr\/wp-content\/uploads\/2018\/11\/m\u00e9thode-traditionnelle-chinoise-m\u00e9decine-1024x576.jpg 1024w, https:\/\/www.santenaturelle-et-massage-fontainebleau.fr\/wp-content\/uploads\/2018\/11\/m\u00e9thode-traditionnelle-chinoise-m\u00e9decine.jpg 1280w\" sizes=\"auto, (max-width: 300px) 100vw, 300px\" \/><\/figure>\n<\/div>\n\n\n<p class=\"has-text-align-right\"><\/p>\n","protected":false},"excerpt":{"rendered":"<p>LA MOXIBUSTION Une solution vitalit\u00e9 pour les organismes les plus fragiles. Gr\u00e2ce \u00e0 l&rsquo;application d&rsquo;une chaleur douce diffus\u00e9e \u00e0 l&rsquo;aide d&rsquo;un b\u00e2ton de moxa, ce protocole permet le r\u00e9tablissement et le regain d&rsquo;\u00e9nergie. La moxibustion est bas\u00e9e sur une technique de m\u00e9decine traditionnelle chinoise. Pour ce faire,&nbsp; \u00e0 l&rsquo;aide d&rsquo;un b\u00e2ton de moxa diffusant une &hellip; <\/p>\n<p class=\"link-more\"><a href=\"https:\/\/www.santenaturelle-et-massage-fontainebleau.fr\/index.php\/moxibustion\/\" class=\"more-link\">Continuer la lecture<span class=\"screen-reader-text\"> de &laquo;&nbsp;MOXIBUSTION&nbsp;&raquo;<\/span><\/a><\/p>\n","protected":false},"author":3,"featured_media":0,"parent":0,"menu_order":0,"comment_status":"closed","ping_status":"closed","template":"","meta":{"_exactmetrics_skip_tracking":false,"_exactmetrics_sitenote_active":false,"_exactmetrics_sitenote_note":"","_exactmetrics_sitenote_category":0,"footnotes":""},"class_list":["post-80","page","type-page","status-publish","hentry"],"yoast_head":"<!-- This site is optimized with the Yoast SEO plugin v27.5 - https:\/\/yoast.com\/product\/yoast-seo-wordpress\/ -->\n<title>MOXIBUSTION - Sant\u00e9 Naturelle et Massage<\/title>\n<meta name=\"description\" content=\"La moxibustion repose sur une pratique chinoise ancestrale. Protocole \u00e9nerg\u00e9tique adapt\u00e9 : convalescence, personnes \u00e2g\u00e9es et enfants. R\u00e9servez votre s\u00e9ance.\" \/>\n<meta name=\"robots\" content=\"index, follow, max-snippet:-1, max-image-preview:large, max-video-preview:-1\" \/>\n<link rel=\"canonical\" href=\"https:\/\/www.santenaturelle-et-massage-fontainebleau.fr\/index.php\/moxibustion\/\" \/>\n<meta name=\"twitter:card\" content=\"summary_large_image\" \/>\n<meta name=\"twitter:title\" content=\"MOXIBUSTION - Sant\u00e9 Naturelle et Massage\" \/>\n<meta name=\"twitter:description\" content=\"La moxibustion repose sur une pratique chinoise ancestrale. Protocole \u00e9nerg\u00e9tique adapt\u00e9 : convalescence, personnes \u00e2g\u00e9es et enfants. R\u00e9servez votre s\u00e9ance.\" \/>\n<meta name=\"twitter:image\" content=\"https:\/\/www.santenaturelle-et-massage-fontainebleau.fr\/wp-content\/uploads\/2022\/08\/Moxibustion-sante-naturelle-et-massage-nathalie-rubio-edited.jpg\" \/>\n<meta name=\"twitter:label1\" content=\"Dur\u00e9e de lecture estim\u00e9e\" \/>\n\t<meta name=\"twitter:data1\" content=\"2 minutes\" \/>\n<script type=\"application\/ld+json\" class=\"yoast-schema-graph\">{\"@context\":\"https:\\\/\\\/schema.org\",\"@graph\":[{\"@type\":\"WebPage\",\"@id\":\"https:\\\/\\\/www.santenaturelle-et-massage-fontainebleau.fr\\\/index.php\\\/moxibustion\\\/\",\"url\":\"https:\\\/\\\/www.santenaturelle-et-massage-fontainebleau.fr\\\/index.php\\\/moxibustion\\\/\",\"name\":\"MOXIBUSTION - Sant\u00e9 Naturelle et Massage\",\"isPartOf\":{\"@id\":\"https:\\\/\\\/www.santenaturelle-et-massage-fontainebleau.fr\\\/#website\"},\"primaryImageOfPage\":{\"@id\":\"https:\\\/\\\/www.santenaturelle-et-massage-fontainebleau.fr\\\/index.php\\\/moxibustion\\\/#primaryimage\"},\"image\":{\"@id\":\"https:\\\/\\\/www.santenaturelle-et-massage-fontainebleau.fr\\\/index.php\\\/moxibustion\\\/#primaryimage\"},\"thumbnailUrl\":\"https:\\\/\\\/www.santenaturelle-et-massage-fontainebleau.fr\\\/wp-content\\\/uploads\\\/2022\\\/08\\\/Moxibustion-sante-naturelle-et-massage-nathalie-rubio-edited-300x300.jpg\",\"datePublished\":\"2018-03-29T13:56:15+00:00\",\"dateModified\":\"2022-08-17T10:18:18+00:00\",\"description\":\"La moxibustion repose sur une pratique chinoise ancestrale. Protocole \u00e9nerg\u00e9tique adapt\u00e9 : convalescence, personnes \u00e2g\u00e9es et enfants. R\u00e9servez votre s\u00e9ance.\",\"breadcrumb\":{\"@id\":\"https:\\\/\\\/www.santenaturelle-et-massage-fontainebleau.fr\\\/index.php\\\/moxibustion\\\/#breadcrumb\"},\"inLanguage\":\"fr-FR\",\"potentialAction\":[{\"@type\":\"ReadAction\",\"target\":[\"https:\\\/\\\/www.santenaturelle-et-massage-fontainebleau.fr\\\/index.php\\\/moxibustion\\\/\"]}]},{\"@type\":\"ImageObject\",\"inLanguage\":\"fr-FR\",\"@id\":\"https:\\\/\\\/www.santenaturelle-et-massage-fontainebleau.fr\\\/index.php\\\/moxibustion\\\/#primaryimage\",\"url\":\"https:\\\/\\\/www.santenaturelle-et-massage-fontainebleau.fr\\\/wp-content\\\/uploads\\\/2022\\\/08\\\/Moxibustion-sante-naturelle-et-massage-nathalie-rubio-edited.jpg\",\"contentUrl\":\"https:\\\/\\\/www.santenaturelle-et-massage-fontainebleau.fr\\\/wp-content\\\/uploads\\\/2022\\\/08\\\/Moxibustion-sante-naturelle-et-massage-nathalie-rubio-edited.jpg\",\"width\":1242,\"height\":1243},{\"@type\":\"BreadcrumbList\",\"@id\":\"https:\\\/\\\/www.santenaturelle-et-massage-fontainebleau.fr\\\/index.php\\\/moxibustion\\\/#breadcrumb\",\"itemListElement\":[{\"@type\":\"ListItem\",\"position\":1,\"name\":\"Accueil\",\"item\":\"https:\\\/\\\/www.santenaturelle-et-massage-fontainebleau.fr\\\/\"},{\"@type\":\"ListItem\",\"position\":2,\"name\":\"MOXIBUSTION\"}]},{\"@type\":\"WebSite\",\"@id\":\"https:\\\/\\\/www.santenaturelle-et-massage-fontainebleau.fr\\\/#website\",\"url\":\"https:\\\/\\\/www.santenaturelle-et-massage-fontainebleau.fr\\\/\",\"name\":\"Sant\u00e9 Naturelle et Massage\",\"description\":\"FONTAINEBLEAU\",\"publisher\":{\"@id\":\"https:\\\/\\\/www.santenaturelle-et-massage-fontainebleau.fr\\\/#organization\"},\"potentialAction\":[{\"@type\":\"SearchAction\",\"target\":{\"@type\":\"EntryPoint\",\"urlTemplate\":\"https:\\\/\\\/www.santenaturelle-et-massage-fontainebleau.fr\\\/?s={search_term_string}\"},\"query-input\":{\"@type\":\"PropertyValueSpecification\",\"valueRequired\":true,\"valueName\":\"search_term_string\"}}],\"inLanguage\":\"fr-FR\"},{\"@type\":\"Organization\",\"@id\":\"https:\\\/\\\/www.santenaturelle-et-massage-fontainebleau.fr\\\/#organization\",\"name\":\"Sant\u00e9 Naturelle et Massage\",\"url\":\"https:\\\/\\\/www.santenaturelle-et-massage-fontainebleau.fr\\\/\",\"logo\":{\"@type\":\"ImageObject\",\"inLanguage\":\"fr-FR\",\"@id\":\"https:\\\/\\\/www.santenaturelle-et-massage-fontainebleau.fr\\\/#\\\/schema\\\/logo\\\/image\\\/\",\"url\":\"https:\\\/\\\/www.santenaturelle-et-massage-fontainebleau.fr\\\/wp-content\\\/uploads\\\/2020\\\/02\\\/cropped-thumbnail_22298-logotipo-Masages-Nathalie-02.jpg\",\"contentUrl\":\"https:\\\/\\\/www.santenaturelle-et-massage-fontainebleau.fr\\\/wp-content\\\/uploads\\\/2020\\\/02\\\/cropped-thumbnail_22298-logotipo-Masages-Nathalie-02.jpg\",\"width\":250,\"height\":250,\"caption\":\"Sant\u00e9 Naturelle et Massage\"},\"image\":{\"@id\":\"https:\\\/\\\/www.santenaturelle-et-massage-fontainebleau.fr\\\/#\\\/schema\\\/logo\\\/image\\\/\"},\"sameAs\":[\"http:\\\/\\\/www.facebook.com\\\/SanteNaturelleMassageFontainebleau\\\/\"]}]}<\/script>\n<!-- \/ Yoast SEO plugin. -->","yoast_head_json":{"title":"MOXIBUSTION - Sant\u00e9 Naturelle et Massage","description":"La moxibustion repose sur une pratique chinoise ancestrale. Protocole \u00e9nerg\u00e9tique adapt\u00e9 : convalescence, personnes \u00e2g\u00e9es et enfants. R\u00e9servez votre s\u00e9ance.","robots":{"index":"index","follow":"follow","max-snippet":"max-snippet:-1","max-image-preview":"max-image-preview:large","max-video-preview":"max-video-preview:-1"},"canonical":"https:\/\/www.santenaturelle-et-massage-fontainebleau.fr\/index.php\/moxibustion\/","twitter_card":"summary_large_image","twitter_title":"MOXIBUSTION - Sant\u00e9 Naturelle et Massage","twitter_description":"La moxibustion repose sur une pratique chinoise ancestrale. Protocole \u00e9nerg\u00e9tique adapt\u00e9 : convalescence, personnes \u00e2g\u00e9es et enfants. R\u00e9servez votre s\u00e9ance.","twitter_image":"https:\/\/www.santenaturelle-et-massage-fontainebleau.fr\/wp-content\/uploads\/2022\/08\/Moxibustion-sante-naturelle-et-massage-nathalie-rubio-edited.jpg","twitter_misc":{"Dur\u00e9e de lecture estim\u00e9e":"2 minutes"},"schema":{"@context":"https:\/\/schema.org","@graph":[{"@type":"WebPage","@id":"https:\/\/www.santenaturelle-et-massage-fontainebleau.fr\/index.php\/moxibustion\/","url":"https:\/\/www.santenaturelle-et-massage-fontainebleau.fr\/index.php\/moxibustion\/","name":"MOXIBUSTION - Sant\u00e9 Naturelle et Massage","isPartOf":{"@id":"https:\/\/www.santenaturelle-et-massage-fontainebleau.fr\/#website"},"primaryImageOfPage":{"@id":"https:\/\/www.santenaturelle-et-massage-fontainebleau.fr\/index.php\/moxibustion\/#primaryimage"},"image":{"@id":"https:\/\/www.santenaturelle-et-massage-fontainebleau.fr\/index.php\/moxibustion\/#primaryimage"},"thumbnailUrl":"https:\/\/www.santenaturelle-et-massage-fontainebleau.fr\/wp-content\/uploads\/2022\/08\/Moxibustion-sante-naturelle-et-massage-nathalie-rubio-edited-300x300.jpg","datePublished":"2018-03-29T13:56:15+00:00","dateModified":"2022-08-17T10:18:18+00:00","description":"La moxibustion repose sur une pratique chinoise ancestrale. Protocole \u00e9nerg\u00e9tique adapt\u00e9 : convalescence, personnes \u00e2g\u00e9es et enfants. R\u00e9servez votre s\u00e9ance.","breadcrumb":{"@id":"https:\/\/www.santenaturelle-et-massage-fontainebleau.fr\/index.php\/moxibustion\/#breadcrumb"},"inLanguage":"fr-FR","potentialAction":[{"@type":"ReadAction","target":["https:\/\/www.santenaturelle-et-massage-fontainebleau.fr\/index.php\/moxibustion\/"]}]},{"@type":"ImageObject","inLanguage":"fr-FR","@id":"https:\/\/www.santenaturelle-et-massage-fontainebleau.fr\/index.php\/moxibustion\/#primaryimage","url":"https:\/\/www.santenaturelle-et-massage-fontainebleau.fr\/wp-content\/uploads\/2022\/08\/Moxibustion-sante-naturelle-et-massage-nathalie-rubio-edited.jpg","contentUrl":"https:\/\/www.santenaturelle-et-massage-fontainebleau.fr\/wp-content\/uploads\/2022\/08\/Moxibustion-sante-naturelle-et-massage-nathalie-rubio-edited.jpg","width":1242,"height":1243},{"@type":"BreadcrumbList","@id":"https:\/\/www.santenaturelle-et-massage-fontainebleau.fr\/index.php\/moxibustion\/#breadcrumb","itemListElement":[{"@type":"ListItem","position":1,"name":"Accueil","item":"https:\/\/www.santenaturelle-et-massage-fontainebleau.fr\/"},{"@type":"ListItem","position":2,"name":"MOXIBUSTION"}]},{"@type":"WebSite","@id":"https:\/\/www.santenaturelle-et-massage-fontainebleau.fr\/#website","url":"https:\/\/www.santenaturelle-et-massage-fontainebleau.fr\/","name":"Sant\u00e9 Naturelle et Massage","description":"FONTAINEBLEAU","publisher":{"@id":"https:\/\/www.santenaturelle-et-massage-fontainebleau.fr\/#organization"},"potentialAction":[{"@type":"SearchAction","target":{"@type":"EntryPoint","urlTemplate":"https:\/\/www.santenaturelle-et-massage-fontainebleau.fr\/?s={search_term_string}"},"query-input":{"@type":"PropertyValueSpecification","valueRequired":true,"valueName":"search_term_string"}}],"inLanguage":"fr-FR"},{"@type":"Organization","@id":"https:\/\/www.santenaturelle-et-massage-fontainebleau.fr\/#organization","name":"Sant\u00e9 Naturelle et Massage","url":"https:\/\/www.santenaturelle-et-massage-fontainebleau.fr\/","logo":{"@type":"ImageObject","inLanguage":"fr-FR","@id":"https:\/\/www.santenaturelle-et-massage-fontainebleau.fr\/#\/schema\/logo\/image\/","url":"https:\/\/www.santenaturelle-et-massage-fontainebleau.fr\/wp-content\/uploads\/2020\/02\/cropped-thumbnail_22298-logotipo-Masages-Nathalie-02.jpg","contentUrl":"https:\/\/www.santenaturelle-et-massage-fontainebleau.fr\/wp-content\/uploads\/2020\/02\/cropped-thumbnail_22298-logotipo-Masages-Nathalie-02.jpg","width":250,"height":250,"caption":"Sant\u00e9 Naturelle et Massage"},"image":{"@id":"https:\/\/www.santenaturelle-et-massage-fontainebleau.fr\/#\/schema\/logo\/image\/"},"sameAs":["http:\/\/www.facebook.com\/SanteNaturelleMassageFontainebleau\/"]}]}},"_links":{"self":[{"href":"https:\/\/www.santenaturelle-et-massage-fontainebleau.fr\/index.php\/wp-json\/wp\/v2\/pages\/80","targetHints":{"allow":["GET"]}}],"collection":[{"href":"https:\/\/www.santenaturelle-et-massage-fontainebleau.fr\/index.php\/wp-json\/wp\/v2\/pages"}],"about":[{"href":"https:\/\/www.santenaturelle-et-massage-fontainebleau.fr\/index.php\/wp-json\/wp\/v2\/types\/page"}],"author":[{"embeddable":true,"href":"https:\/\/www.santenaturelle-et-massage-fontainebleau.fr\/index.php\/wp-json\/wp\/v2\/users\/3"}],"replies":[{"embeddable":true,"href":"https:\/\/www.santenaturelle-et-massage-fontainebleau.fr\/index.php\/wp-json\/wp\/v2\/comments?post=80"}],"version-history":[{"count":0,"href":"https:\/\/www.santenaturelle-et-massage-fontainebleau.fr\/index.php\/wp-json\/wp\/v2\/pages\/80\/revisions"}],"wp:attachment":[{"href":"https:\/\/www.santenaturelle-et-massage-fontainebleau.fr\/index.php\/wp-json\/wp\/v2\/media?parent=80"}],"curies":[{"name":"wp","href":"https:\/\/api.w.org\/{rel}","templated":true}]}}