{"id":78,"date":"2018-03-29T15:56:15","date_gmt":"2018-03-29T13:56:15","guid":{"rendered":"https:\/\/www.santenaturelle-et-massage-fontainebleau.fr\/?page_id=78"},"modified":"2022-08-17T12:15:37","modified_gmt":"2022-08-17T10:15:37","slug":"methode-edonis","status":"publish","type":"page","link":"https:\/\/www.santenaturelle-et-massage-fontainebleau.fr\/index.php\/methode-edonis\/","title":{"rendered":"M\u00c9THODE EDONIS"},"content":{"rendered":"\n<h1 class=\"wp-block-heading\"><figure><img loading=\"lazy\" decoding=\"async\" width=\"130\" height=\"109\" class=\"aligncenter  wp-image-687\" src=\"https:\/\/www.santenaturelle-et-massage-fontainebleau.fr\/wp-content\/uploads\/2019\/09\/massage-et-sant\u00e9-naturelle-300x251.png\" alt=\"logo massage sant\u00e9 naturelle\" srcset=\"https:\/\/www.santenaturelle-et-massage-fontainebleau.fr\/wp-content\/uploads\/2019\/09\/massage-et-sant\u00e9-naturelle-300x251.png 300w, https:\/\/www.santenaturelle-et-massage-fontainebleau.fr\/wp-content\/uploads\/2019\/09\/massage-et-sant\u00e9-naturelle-768x642.png 768w, https:\/\/www.santenaturelle-et-massage-fontainebleau.fr\/wp-content\/uploads\/2019\/09\/massage-et-sant\u00e9-naturelle-1024x856.png 1024w, https:\/\/www.santenaturelle-et-massage-fontainebleau.fr\/wp-content\/uploads\/2019\/09\/massage-et-sant\u00e9-naturelle-610x510.png 610w, https:\/\/www.santenaturelle-et-massage-fontainebleau.fr\/wp-content\/uploads\/2019\/09\/massage-et-sant\u00e9-naturelle.png 1600w\" sizes=\"auto, (max-width: 130px) 100vw, 130px\" \/><\/figure><span style=\"color: #333333;\">M\u00e9thode Edonis<\/span>\u00ae<\/h1>\n\n\n\n<h2 class=\"wp-block-heading\"><figure><img loading=\"lazy\" decoding=\"async\" width=\"300\" height=\"225\" class=\"size-medium wp-image-459 alignright\" src=\"https:\/\/www.santenaturelle-et-massage-fontainebleau.fr\/wp-content\/uploads\/2018\/11\/mm\u00e9thode-edonis-homme-300x225.jpg\" alt=\"methode edonis massage homme\" srcset=\"https:\/\/www.santenaturelle-et-massage-fontainebleau.fr\/wp-content\/uploads\/2018\/11\/mm\u00e9thode-edonis-homme-300x225.jpg 300w, https:\/\/www.santenaturelle-et-massage-fontainebleau.fr\/wp-content\/uploads\/2018\/11\/mm\u00e9thode-edonis-homme-768x576.jpg 768w, https:\/\/www.santenaturelle-et-massage-fontainebleau.fr\/wp-content\/uploads\/2018\/11\/mm\u00e9thode-edonis-homme.jpg 936w\" sizes=\"auto, (max-width: 300px) 100vw, 300px\" \/><\/figure><span style=\"font-size: 1.625rem;\">Relier corps et esprit gr\u00e2ce \u00e0 un travail manuel r\u00e9sultant de protocoles pr\u00e9cis adapt\u00e9s \u00e0 chacun.&nbsp;<\/span><br>C&rsquo;est une d\u00e9marche sant\u00e9 compl\u00e8te. <br><\/h2>\n\n\n\n<p class=\"has-small-font-size\">Dans le sens le plus large, <strong>la M\u00e9thode\u00a0<a href=\"https:\/\/www.massage-et-minceur.fr\/\">Edonis<\/a><\/strong>\u00ae peut soulager un grand nombre de d\u00e9sordres psycho-corporels. Elle m\u00eale m\u00e9decine traditionnelle chinoise, techniques r\u00e9flexog\u00e8nes et naturopathie.<\/p>\n\n\n\n<p class=\"has-small-font-size\">D&rsquo;abord un diagnostic doit \u00eatre \u00e9tabli en suivant ces 4 points :<br><br>1- \u00c0 votre arriv\u00e9e, le premier contact est visuel. <br>Cette phase d\u2019observation donne des \u00e9l\u00e9ments sur vous&nbsp;: apparence physique, teint, d\u00e9marche, morphologie, votre peau\u2026<br><br>2- C\u2019est ce que l\u2019on per\u00e7oit : <br>Odeur et audition.<br><br>3- Ce que l&rsquo;on veut savoir. <br>Cette phase est celle de l&rsquo;\u00e9change. Vos ant\u00e9c\u00e9dents, vos sensations, ce pourquoi vous consultez. Elle compl\u00e8te le questionnaire rempli lors de la prise de rendez-vous.<br><br>4- Ce que l&rsquo;on va ressentir. <br>La palpation fournit des informations essentielles : zones douloureuses, sensibilit\u00e9s, r\u00e9actions, prise de pouls&#8230;<\/p>\n\n\n\n<p class=\"has-small-font-size\">De ce diagnostic en d\u00e9coule un protocole personnalis\u00e9. Toujours d\u00e9di\u00e9 au bien-\u00eatre physique et \u00e9motionnel, le d\u00e9roulement peut se composer de massages <em>An Mo<\/em> ou <em>Tui-Na<\/em>, moxibustion, auriculoth\u00e9rapie et phytomicronutrition. <br>Au total, il existe <a href=\"https:\/\/www.santenaturelle-et-massage-fontainebleau.fr\/index.php\/massages-bien-etre\/\">24 s\u00e9ances Edonis<\/a>\u00ae diff\u00e9rentes.<br><br>Cela fait de la M\u00e9thode Edonis\u00ae une v\u00e9ritable <strong>d\u00e9marche naturelle <\/strong>pour am\u00e9liorer votre quotidien.  <br>Les <strong>bienfaits de ces massages <\/strong>sont tr\u00e8s vari\u00e9s. La personne mass\u00e9e s&rsquo;abandonne \u00e0 l\u2019exp\u00e9rience pour un moment unique. Elle peut ainsi lib\u00e9rer les \u00e9motions m\u00e9moris\u00e9es par le corps.<\/p>\n\n\n\n<p class=\"has-small-font-size\">D\u00e9couvrez la M\u00e9thode Edonis\u00ae en prenant votre prochain rendez-vous au cabinet situ\u00e9 \u00e0 Nemours ou \u00e0 domicile pour les personnes \u00e0 mobilit\u00e9 r\u00e9duite.<\/p>\n\n\n\n<h4 class=\"has-text-align-right wp-block-heading\"><a href=\"https:\/\/www.santenaturelle-et-massage-fontainebleau.fr\/index.php\/tarifs-des-massages\/\"><strong>Tarif de la s\u00e9ance<\/strong><\/a><\/h4>\n\n\n\n<h4 class=\"has-text-align-right wp-block-heading\"><a href=\"https:\/\/www.santenaturelle-et-massage-fontainebleau.fr\/index.php\/mon-rendez-vous-massage\/\"><strong>R\u00e9server ma s\u00e9ance<\/strong><\/a><\/h4>\n\n\n\n<p><\/p>\n","protected":false},"excerpt":{"rendered":"<p>M\u00e9thode Edonis\u00ae Relier corps et esprit gr\u00e2ce \u00e0 un travail manuel r\u00e9sultant de protocoles pr\u00e9cis adapt\u00e9s \u00e0 chacun.&nbsp;C&rsquo;est une d\u00e9marche sant\u00e9 compl\u00e8te. Dans le sens le plus large, la M\u00e9thode\u00a0Edonis\u00ae peut soulager un grand nombre de d\u00e9sordres psycho-corporels. Elle m\u00eale m\u00e9decine traditionnelle chinoise, techniques r\u00e9flexog\u00e8nes et naturopathie. D&rsquo;abord un diagnostic doit \u00eatre \u00e9tabli en suivant &hellip; <\/p>\n<p class=\"link-more\"><a href=\"https:\/\/www.santenaturelle-et-massage-fontainebleau.fr\/index.php\/methode-edonis\/\" class=\"more-link\">Continuer la lecture<span class=\"screen-reader-text\"> de &laquo;&nbsp;M\u00c9THODE EDONIS&nbsp;&raquo;<\/span><\/a><\/p>\n","protected":false},"author":3,"featured_media":0,"parent":0,"menu_order":0,"comment_status":"closed","ping_status":"closed","template":"","meta":{"_exactmetrics_skip_tracking":false,"_exactmetrics_sitenote_active":false,"_exactmetrics_sitenote_note":"","_exactmetrics_sitenote_category":0,"footnotes":""},"class_list":["post-78","page","type-page","status-publish","hentry"],"yoast_head":"<!-- This site is optimized with the Yoast SEO plugin v27.6 - https:\/\/yoast.com\/product\/yoast-seo-wordpress\/ -->\n<title>M\u00c9THODE EDONIS - Sant\u00e9 Naturelle et Massage<\/title>\n<meta name=\"description\" content=\"Form\u00e9e et qualifi\u00e9e, Nathalie Rubio vous propose des s\u00e9ances de massage personnalis\u00e9es pour retrouver \u00e9nergie et \u00e9quilibre selon la M\u00e9thode Edonis.\" \/>\n<meta name=\"robots\" content=\"index, follow, max-snippet:-1, max-image-preview:large, max-video-preview:-1\" \/>\n<link rel=\"canonical\" href=\"https:\/\/www.santenaturelle-et-massage-fontainebleau.fr\/index.php\/methode-edonis\/\" \/>\n<meta name=\"twitter:card\" content=\"summary_large_image\" \/>\n<meta name=\"twitter:title\" content=\"M\u00c9THODE EDONIS - Sant\u00e9 Naturelle et Massage\" \/>\n<meta name=\"twitter:description\" content=\"Form\u00e9e et qualifi\u00e9e, Nathalie Rubio vous propose des s\u00e9ances de massage personnalis\u00e9es pour retrouver \u00e9nergie et \u00e9quilibre selon la M\u00e9thode Edonis.\" \/>\n<meta name=\"twitter:label1\" content=\"Dur\u00e9e de lecture estim\u00e9e\" \/>\n\t<meta name=\"twitter:data1\" content=\"2 minutes\" \/>\n<script type=\"application\/ld+json\" class=\"yoast-schema-graph\">{\"@context\":\"https:\\\/\\\/schema.org\",\"@graph\":[{\"@type\":\"WebPage\",\"@id\":\"https:\\\/\\\/www.santenaturelle-et-massage-fontainebleau.fr\\\/index.php\\\/methode-edonis\\\/\",\"url\":\"https:\\\/\\\/www.santenaturelle-et-massage-fontainebleau.fr\\\/index.php\\\/methode-edonis\\\/\",\"name\":\"M\u00c9THODE EDONIS - Sant\u00e9 Naturelle et Massage\",\"isPartOf\":{\"@id\":\"https:\\\/\\\/www.santenaturelle-et-massage-fontainebleau.fr\\\/#website\"},\"datePublished\":\"2018-03-29T13:56:15+00:00\",\"dateModified\":\"2022-08-17T10:15:37+00:00\",\"description\":\"Form\u00e9e et qualifi\u00e9e, Nathalie Rubio vous propose des s\u00e9ances de massage personnalis\u00e9es pour retrouver \u00e9nergie et \u00e9quilibre selon la M\u00e9thode Edonis.\",\"breadcrumb\":{\"@id\":\"https:\\\/\\\/www.santenaturelle-et-massage-fontainebleau.fr\\\/index.php\\\/methode-edonis\\\/#breadcrumb\"},\"inLanguage\":\"fr-FR\",\"potentialAction\":[{\"@type\":\"ReadAction\",\"target\":[\"https:\\\/\\\/www.santenaturelle-et-massage-fontainebleau.fr\\\/index.php\\\/methode-edonis\\\/\"]}]},{\"@type\":\"BreadcrumbList\",\"@id\":\"https:\\\/\\\/www.santenaturelle-et-massage-fontainebleau.fr\\\/index.php\\\/methode-edonis\\\/#breadcrumb\",\"itemListElement\":[{\"@type\":\"ListItem\",\"position\":1,\"name\":\"Accueil\",\"item\":\"https:\\\/\\\/www.santenaturelle-et-massage-fontainebleau.fr\\\/\"},{\"@type\":\"ListItem\",\"position\":2,\"name\":\"M\u00c9THODE EDONIS\"}]},{\"@type\":\"WebSite\",\"@id\":\"https:\\\/\\\/www.santenaturelle-et-massage-fontainebleau.fr\\\/#website\",\"url\":\"https:\\\/\\\/www.santenaturelle-et-massage-fontainebleau.fr\\\/\",\"name\":\"Sant\u00e9 Naturelle et Massage\",\"description\":\"FONTAINEBLEAU\",\"publisher\":{\"@id\":\"https:\\\/\\\/www.santenaturelle-et-massage-fontainebleau.fr\\\/#organization\"},\"potentialAction\":[{\"@type\":\"SearchAction\",\"target\":{\"@type\":\"EntryPoint\",\"urlTemplate\":\"https:\\\/\\\/www.santenaturelle-et-massage-fontainebleau.fr\\\/?s={search_term_string}\"},\"query-input\":{\"@type\":\"PropertyValueSpecification\",\"valueRequired\":true,\"valueName\":\"search_term_string\"}}],\"inLanguage\":\"fr-FR\"},{\"@type\":\"Organization\",\"@id\":\"https:\\\/\\\/www.santenaturelle-et-massage-fontainebleau.fr\\\/#organization\",\"name\":\"Sant\u00e9 Naturelle et Massage\",\"url\":\"https:\\\/\\\/www.santenaturelle-et-massage-fontainebleau.fr\\\/\",\"logo\":{\"@type\":\"ImageObject\",\"inLanguage\":\"fr-FR\",\"@id\":\"https:\\\/\\\/www.santenaturelle-et-massage-fontainebleau.fr\\\/#\\\/schema\\\/logo\\\/image\\\/\",\"url\":\"https:\\\/\\\/www.santenaturelle-et-massage-fontainebleau.fr\\\/wp-content\\\/uploads\\\/2020\\\/02\\\/cropped-thumbnail_22298-logotipo-Masages-Nathalie-02.jpg\",\"contentUrl\":\"https:\\\/\\\/www.santenaturelle-et-massage-fontainebleau.fr\\\/wp-content\\\/uploads\\\/2020\\\/02\\\/cropped-thumbnail_22298-logotipo-Masages-Nathalie-02.jpg\",\"width\":250,\"height\":250,\"caption\":\"Sant\u00e9 Naturelle et Massage\"},\"image\":{\"@id\":\"https:\\\/\\\/www.santenaturelle-et-massage-fontainebleau.fr\\\/#\\\/schema\\\/logo\\\/image\\\/\"},\"sameAs\":[\"http:\\\/\\\/www.facebook.com\\\/SanteNaturelleMassageFontainebleau\\\/\"]}]}<\/script>\n<!-- \/ Yoast SEO plugin. -->","yoast_head_json":{"title":"M\u00c9THODE EDONIS - Sant\u00e9 Naturelle et Massage","description":"Form\u00e9e et qualifi\u00e9e, Nathalie Rubio vous propose des s\u00e9ances de massage personnalis\u00e9es pour retrouver \u00e9nergie et \u00e9quilibre selon la M\u00e9thode Edonis.","robots":{"index":"index","follow":"follow","max-snippet":"max-snippet:-1","max-image-preview":"max-image-preview:large","max-video-preview":"max-video-preview:-1"},"canonical":"https:\/\/www.santenaturelle-et-massage-fontainebleau.fr\/index.php\/methode-edonis\/","twitter_card":"summary_large_image","twitter_title":"M\u00c9THODE EDONIS - Sant\u00e9 Naturelle et Massage","twitter_description":"Form\u00e9e et qualifi\u00e9e, Nathalie Rubio vous propose des s\u00e9ances de massage personnalis\u00e9es pour retrouver \u00e9nergie et \u00e9quilibre selon la M\u00e9thode Edonis.","twitter_misc":{"Dur\u00e9e de lecture estim\u00e9e":"2 minutes"},"schema":{"@context":"https:\/\/schema.org","@graph":[{"@type":"WebPage","@id":"https:\/\/www.santenaturelle-et-massage-fontainebleau.fr\/index.php\/methode-edonis\/","url":"https:\/\/www.santenaturelle-et-massage-fontainebleau.fr\/index.php\/methode-edonis\/","name":"M\u00c9THODE EDONIS - Sant\u00e9 Naturelle et Massage","isPartOf":{"@id":"https:\/\/www.santenaturelle-et-massage-fontainebleau.fr\/#website"},"datePublished":"2018-03-29T13:56:15+00:00","dateModified":"2022-08-17T10:15:37+00:00","description":"Form\u00e9e et qualifi\u00e9e, Nathalie Rubio vous propose des s\u00e9ances de massage personnalis\u00e9es pour retrouver \u00e9nergie et \u00e9quilibre selon la M\u00e9thode Edonis.","breadcrumb":{"@id":"https:\/\/www.santenaturelle-et-massage-fontainebleau.fr\/index.php\/methode-edonis\/#breadcrumb"},"inLanguage":"fr-FR","potentialAction":[{"@type":"ReadAction","target":["https:\/\/www.santenaturelle-et-massage-fontainebleau.fr\/index.php\/methode-edonis\/"]}]},{"@type":"BreadcrumbList","@id":"https:\/\/www.santenaturelle-et-massage-fontainebleau.fr\/index.php\/methode-edonis\/#breadcrumb","itemListElement":[{"@type":"ListItem","position":1,"name":"Accueil","item":"https:\/\/www.santenaturelle-et-massage-fontainebleau.fr\/"},{"@type":"ListItem","position":2,"name":"M\u00c9THODE EDONIS"}]},{"@type":"WebSite","@id":"https:\/\/www.santenaturelle-et-massage-fontainebleau.fr\/#website","url":"https:\/\/www.santenaturelle-et-massage-fontainebleau.fr\/","name":"Sant\u00e9 Naturelle et Massage","description":"FONTAINEBLEAU","publisher":{"@id":"https:\/\/www.santenaturelle-et-massage-fontainebleau.fr\/#organization"},"potentialAction":[{"@type":"SearchAction","target":{"@type":"EntryPoint","urlTemplate":"https:\/\/www.santenaturelle-et-massage-fontainebleau.fr\/?s={search_term_string}"},"query-input":{"@type":"PropertyValueSpecification","valueRequired":true,"valueName":"search_term_string"}}],"inLanguage":"fr-FR"},{"@type":"Organization","@id":"https:\/\/www.santenaturelle-et-massage-fontainebleau.fr\/#organization","name":"Sant\u00e9 Naturelle et Massage","url":"https:\/\/www.santenaturelle-et-massage-fontainebleau.fr\/","logo":{"@type":"ImageObject","inLanguage":"fr-FR","@id":"https:\/\/www.santenaturelle-et-massage-fontainebleau.fr\/#\/schema\/logo\/image\/","url":"https:\/\/www.santenaturelle-et-massage-fontainebleau.fr\/wp-content\/uploads\/2020\/02\/cropped-thumbnail_22298-logotipo-Masages-Nathalie-02.jpg","contentUrl":"https:\/\/www.santenaturelle-et-massage-fontainebleau.fr\/wp-content\/uploads\/2020\/02\/cropped-thumbnail_22298-logotipo-Masages-Nathalie-02.jpg","width":250,"height":250,"caption":"Sant\u00e9 Naturelle et Massage"},"image":{"@id":"https:\/\/www.santenaturelle-et-massage-fontainebleau.fr\/#\/schema\/logo\/image\/"},"sameAs":["http:\/\/www.facebook.com\/SanteNaturelleMassageFontainebleau\/"]}]}},"_links":{"self":[{"href":"https:\/\/www.santenaturelle-et-massage-fontainebleau.fr\/index.php\/wp-json\/wp\/v2\/pages\/78","targetHints":{"allow":["GET"]}}],"collection":[{"href":"https:\/\/www.santenaturelle-et-massage-fontainebleau.fr\/index.php\/wp-json\/wp\/v2\/pages"}],"about":[{"href":"https:\/\/www.santenaturelle-et-massage-fontainebleau.fr\/index.php\/wp-json\/wp\/v2\/types\/page"}],"author":[{"embeddable":true,"href":"https:\/\/www.santenaturelle-et-massage-fontainebleau.fr\/index.php\/wp-json\/wp\/v2\/users\/3"}],"replies":[{"embeddable":true,"href":"https:\/\/www.santenaturelle-et-massage-fontainebleau.fr\/index.php\/wp-json\/wp\/v2\/comments?post=78"}],"version-history":[{"count":0,"href":"https:\/\/www.santenaturelle-et-massage-fontainebleau.fr\/index.php\/wp-json\/wp\/v2\/pages\/78\/revisions"}],"wp:attachment":[{"href":"https:\/\/www.santenaturelle-et-massage-fontainebleau.fr\/index.php\/wp-json\/wp\/v2\/media?parent=78"}],"curies":[{"name":"wp","href":"https:\/\/api.w.org\/{rel}","templated":true}]}}