{"id":76,"date":"2018-03-29T15:56:15","date_gmt":"2018-03-29T13:56:15","guid":{"rendered":"https:\/\/www.santenaturelle-et-massage-fontainebleau.fr\/?page_id=76"},"modified":"2022-08-17T12:16:38","modified_gmt":"2022-08-17T10:16:38","slug":"cours-de-massage-edonis","status":"publish","type":"page","link":"https:\/\/www.santenaturelle-et-massage-fontainebleau.fr\/index.php\/cours-de-massage-edonis\/","title":{"rendered":"COURS DE MASSAGE EDONIS\u00ae"},"content":{"rendered":"<div class=\"wp-block-image\">\n<figure class=\"aligncenter size-thumbnail\"><img loading=\"lazy\" decoding=\"async\" width=\"150\" height=\"150\" src=\"https:\/\/www.santenaturelle-et-massage-fontainebleau.fr\/wp-content\/uploads\/2020\/05\/logo-sant\u00e9-naturelle-et-massage-fontainebleau-1024x1024-1-150x150.jpg\" alt=\"\" class=\"wp-image-978\" srcset=\"https:\/\/www.santenaturelle-et-massage-fontainebleau.fr\/wp-content\/uploads\/2020\/05\/logo-sant\u00e9-naturelle-et-massage-fontainebleau-1024x1024-1-150x150.jpg 150w, https:\/\/www.santenaturelle-et-massage-fontainebleau.fr\/wp-content\/uploads\/2020\/05\/logo-sant\u00e9-naturelle-et-massage-fontainebleau-1024x1024-1-300x300.jpg 300w, https:\/\/www.santenaturelle-et-massage-fontainebleau.fr\/wp-content\/uploads\/2020\/05\/logo-sant\u00e9-naturelle-et-massage-fontainebleau-1024x1024-1.jpg 1024w, https:\/\/www.santenaturelle-et-massage-fontainebleau.fr\/wp-content\/uploads\/2020\/05\/logo-sant\u00e9-naturelle-et-massage-fontainebleau-1024x1024-1-768x768.jpg 768w, https:\/\/www.santenaturelle-et-massage-fontainebleau.fr\/wp-content\/uploads\/2020\/05\/logo-sant\u00e9-naturelle-et-massage-fontainebleau-1024x1024-1-610x610.jpg 610w, https:\/\/www.santenaturelle-et-massage-fontainebleau.fr\/wp-content\/uploads\/2020\/05\/logo-sant\u00e9-naturelle-et-massage-fontainebleau-1024x1024-1-100x100.jpg 100w\" sizes=\"auto, (max-width: 150px) 100vw, 150px\" \/><\/figure>\n<\/div>\n\n\n<h3 class=\"wp-block-heading\">Des cours de massage pour d\u00e9couvrir certaines gestuelles du bien-\u00eatre au naturel, \u00e0 deux ou en groupe.<\/h3>\n\n\n\n<h1 class=\"wp-block-heading\"><figure><img loading=\"lazy\" decoding=\"async\" class=\"wp-image-391 size-medium alignright\" src=\"https:\/\/www.santenaturelle-et-massage-fontainebleau.fr\/wp-content\/uploads\/2018\/09\/cours-de-massage-Edonis-1-200x300.jpg\" alt=\"cours de massage edonis sant\u00e9\" width=\"200\" height=\"300\" srcset=\"https:\/\/www.santenaturelle-et-massage-fontainebleau.fr\/wp-content\/uploads\/2018\/09\/cours-de-massage-Edonis-1-200x300.jpg 200w, https:\/\/www.santenaturelle-et-massage-fontainebleau.fr\/wp-content\/uploads\/2018\/09\/cours-de-massage-Edonis-1-768x1152.jpg 768w, https:\/\/www.santenaturelle-et-massage-fontainebleau.fr\/wp-content\/uploads\/2018\/09\/cours-de-massage-Edonis-1-683x1024.jpg 683w\" sizes=\"auto, (max-width: 200px) 100vw, 200px\" \/><\/figure><\/h1>\n\n\n\n<p class=\"has-small-font-size\"><br>Le massage <em>An Mo <\/em>ou <em>Tui-Na <\/em>est inspir\u00e9 de<strong> cinq techniques<\/strong> : balinaises, ayurv\u00e9diques, californiennes, cor\u00e9ennes, chinoises. <\/p>\n\n\n\n<p class=\"has-small-font-size\">Une initiation qui s&rsquo;adresse \u00e0 tous, d\u00e9butants ou confirm\u00e9s, souhaitant explorer l\u2019univers de la d\u00e9tente et des soins naturels par le toucher. <br>L&rsquo;objectif est d&rsquo;apprendre \u00e0 r\u00e9\u00e9quilibrer les \u00e9nergies du corps gr\u00e2ce au toucher et \u00e0 une approche psychologique.<br><br>Autour d&rsquo;une infusion, chacun des participants se voit remettre des fiches techniques afin de pouvoir r\u00e9p\u00e9ter les massages.<\/p>\n\n\n\n<p class=\"has-small-font-size\"><br><span style=\"font-size: 1rem;\">Je vous re\u00e7ois \u00e0 Nemours pour le d\u00e9roulement de ces s\u00e9ances, dans un cadre propice au calme et \u00e0 l&rsquo;apprentissage.<\/span><\/p>\n\n\n\n<h4 class=\"has-text-align-right has-very-dark-gray-color has-text-color wp-block-heading\"><strong><a href=\"https:\/\/www.santenaturelle-et-massage-fontainebleau.fr\/index.php\/tarifs-des-massages\/\">Tarifs des cours<\/a><\/strong><\/h4>\n\n\n\n<p><\/p>\n\n\n\n<p><\/p>\n","protected":false},"excerpt":{"rendered":"<p>Des cours de massage pour d\u00e9couvrir certaines gestuelles du bien-\u00eatre au naturel, \u00e0 deux ou en groupe. Le massage An Mo ou Tui-Na est inspir\u00e9 de cinq techniques : balinaises, ayurv\u00e9diques, californiennes, cor\u00e9ennes, chinoises. Une initiation qui s&rsquo;adresse \u00e0 tous, d\u00e9butants ou confirm\u00e9s, souhaitant explorer l\u2019univers de la d\u00e9tente et des soins naturels par le &hellip; <\/p>\n<p class=\"link-more\"><a href=\"https:\/\/www.santenaturelle-et-massage-fontainebleau.fr\/index.php\/cours-de-massage-edonis\/\" class=\"more-link\">Continuer la lecture<span class=\"screen-reader-text\"> de &laquo;&nbsp;COURS DE MASSAGE EDONIS\u00ae&nbsp;&raquo;<\/span><\/a><\/p>\n","protected":false},"author":3,"featured_media":0,"parent":0,"menu_order":0,"comment_status":"closed","ping_status":"closed","template":"","meta":{"_exactmetrics_skip_tracking":false,"_exactmetrics_sitenote_active":false,"_exactmetrics_sitenote_note":"","_exactmetrics_sitenote_category":0,"footnotes":""},"class_list":["post-76","page","type-page","status-publish","hentry"],"yoast_head":"<!-- This site is optimized with the Yoast SEO plugin v27.5 - https:\/\/yoast.com\/product\/yoast-seo-wordpress\/ -->\n<title>COURS DE MASSAGE EDONIS\u00ae - Sant\u00e9 Naturelle et Massage<\/title>\n<meta name=\"description\" content=\"Vous souhaitez d\u00e9couvrir des techniques de massage ? Profitez d&#039;un cours de massage Edonis pour d\u00e9couvrir tous les secrets d&#039;une m\u00e9thode \u00e9nerg\u00e9tique unique.\" \/>\n<meta name=\"robots\" content=\"index, follow, max-snippet:-1, max-image-preview:large, max-video-preview:-1\" \/>\n<link rel=\"canonical\" href=\"https:\/\/www.santenaturelle-et-massage-fontainebleau.fr\/index.php\/cours-de-massage-edonis\/\" \/>\n<meta name=\"twitter:card\" content=\"summary_large_image\" \/>\n<meta name=\"twitter:title\" content=\"COURS DE MASSAGE EDONIS\u00ae - Sant\u00e9 Naturelle et Massage\" \/>\n<meta name=\"twitter:description\" content=\"Vous souhaitez d\u00e9couvrir des techniques de massage ? Profitez d&#039;un cours de massage Edonis pour d\u00e9couvrir tous les secrets d&#039;une m\u00e9thode \u00e9nerg\u00e9tique unique.\" \/>\n<meta name=\"twitter:image\" content=\"https:\/\/www.santenaturelle-et-massage-fontainebleau.fr\/wp-content\/uploads\/2018\/09\/cours-de-massage-Edonis-1.jpg\" \/>\n<meta name=\"twitter:label1\" content=\"Dur\u00e9e de lecture estim\u00e9e\" \/>\n\t<meta name=\"twitter:data1\" content=\"1 minute\" \/>\n<script type=\"application\/ld+json\" class=\"yoast-schema-graph\">{\"@context\":\"https:\\\/\\\/schema.org\",\"@graph\":[{\"@type\":\"WebPage\",\"@id\":\"https:\\\/\\\/www.santenaturelle-et-massage-fontainebleau.fr\\\/index.php\\\/cours-de-massage-edonis\\\/\",\"url\":\"https:\\\/\\\/www.santenaturelle-et-massage-fontainebleau.fr\\\/index.php\\\/cours-de-massage-edonis\\\/\",\"name\":\"COURS DE MASSAGE EDONIS\u00ae - Sant\u00e9 Naturelle et Massage\",\"isPartOf\":{\"@id\":\"https:\\\/\\\/www.santenaturelle-et-massage-fontainebleau.fr\\\/#website\"},\"primaryImageOfPage\":{\"@id\":\"https:\\\/\\\/www.santenaturelle-et-massage-fontainebleau.fr\\\/index.php\\\/cours-de-massage-edonis\\\/#primaryimage\"},\"image\":{\"@id\":\"https:\\\/\\\/www.santenaturelle-et-massage-fontainebleau.fr\\\/index.php\\\/cours-de-massage-edonis\\\/#primaryimage\"},\"thumbnailUrl\":\"https:\\\/\\\/www.santenaturelle-et-massage-fontainebleau.fr\\\/wp-content\\\/uploads\\\/2018\\\/09\\\/cours-de-massage-Edonis-1-200x300.jpg\",\"datePublished\":\"2018-03-29T13:56:15+00:00\",\"dateModified\":\"2022-08-17T10:16:38+00:00\",\"description\":\"Vous souhaitez d\u00e9couvrir des techniques de massage ? Profitez d'un cours de massage Edonis pour d\u00e9couvrir tous les secrets d'une m\u00e9thode \u00e9nerg\u00e9tique unique.\",\"breadcrumb\":{\"@id\":\"https:\\\/\\\/www.santenaturelle-et-massage-fontainebleau.fr\\\/index.php\\\/cours-de-massage-edonis\\\/#breadcrumb\"},\"inLanguage\":\"fr-FR\",\"potentialAction\":[{\"@type\":\"ReadAction\",\"target\":[\"https:\\\/\\\/www.santenaturelle-et-massage-fontainebleau.fr\\\/index.php\\\/cours-de-massage-edonis\\\/\"]}]},{\"@type\":\"ImageObject\",\"inLanguage\":\"fr-FR\",\"@id\":\"https:\\\/\\\/www.santenaturelle-et-massage-fontainebleau.fr\\\/index.php\\\/cours-de-massage-edonis\\\/#primaryimage\",\"url\":\"https:\\\/\\\/www.santenaturelle-et-massage-fontainebleau.fr\\\/wp-content\\\/uploads\\\/2018\\\/09\\\/cours-de-massage-Edonis-1.jpg\",\"contentUrl\":\"https:\\\/\\\/www.santenaturelle-et-massage-fontainebleau.fr\\\/wp-content\\\/uploads\\\/2018\\\/09\\\/cours-de-massage-Edonis-1.jpg\",\"width\":3648,\"height\":5472,\"caption\":\"cours de massage edonis sant\u00e9\"},{\"@type\":\"BreadcrumbList\",\"@id\":\"https:\\\/\\\/www.santenaturelle-et-massage-fontainebleau.fr\\\/index.php\\\/cours-de-massage-edonis\\\/#breadcrumb\",\"itemListElement\":[{\"@type\":\"ListItem\",\"position\":1,\"name\":\"Accueil\",\"item\":\"https:\\\/\\\/www.santenaturelle-et-massage-fontainebleau.fr\\\/\"},{\"@type\":\"ListItem\",\"position\":2,\"name\":\"COURS DE MASSAGE EDONIS\u00ae\"}]},{\"@type\":\"WebSite\",\"@id\":\"https:\\\/\\\/www.santenaturelle-et-massage-fontainebleau.fr\\\/#website\",\"url\":\"https:\\\/\\\/www.santenaturelle-et-massage-fontainebleau.fr\\\/\",\"name\":\"Sant\u00e9 Naturelle et Massage\",\"description\":\"FONTAINEBLEAU\",\"publisher\":{\"@id\":\"https:\\\/\\\/www.santenaturelle-et-massage-fontainebleau.fr\\\/#organization\"},\"potentialAction\":[{\"@type\":\"SearchAction\",\"target\":{\"@type\":\"EntryPoint\",\"urlTemplate\":\"https:\\\/\\\/www.santenaturelle-et-massage-fontainebleau.fr\\\/?s={search_term_string}\"},\"query-input\":{\"@type\":\"PropertyValueSpecification\",\"valueRequired\":true,\"valueName\":\"search_term_string\"}}],\"inLanguage\":\"fr-FR\"},{\"@type\":\"Organization\",\"@id\":\"https:\\\/\\\/www.santenaturelle-et-massage-fontainebleau.fr\\\/#organization\",\"name\":\"Sant\u00e9 Naturelle et Massage\",\"url\":\"https:\\\/\\\/www.santenaturelle-et-massage-fontainebleau.fr\\\/\",\"logo\":{\"@type\":\"ImageObject\",\"inLanguage\":\"fr-FR\",\"@id\":\"https:\\\/\\\/www.santenaturelle-et-massage-fontainebleau.fr\\\/#\\\/schema\\\/logo\\\/image\\\/\",\"url\":\"https:\\\/\\\/www.santenaturelle-et-massage-fontainebleau.fr\\\/wp-content\\\/uploads\\\/2020\\\/02\\\/cropped-thumbnail_22298-logotipo-Masages-Nathalie-02.jpg\",\"contentUrl\":\"https:\\\/\\\/www.santenaturelle-et-massage-fontainebleau.fr\\\/wp-content\\\/uploads\\\/2020\\\/02\\\/cropped-thumbnail_22298-logotipo-Masages-Nathalie-02.jpg\",\"width\":250,\"height\":250,\"caption\":\"Sant\u00e9 Naturelle et Massage\"},\"image\":{\"@id\":\"https:\\\/\\\/www.santenaturelle-et-massage-fontainebleau.fr\\\/#\\\/schema\\\/logo\\\/image\\\/\"},\"sameAs\":[\"http:\\\/\\\/www.facebook.com\\\/SanteNaturelleMassageFontainebleau\\\/\"]}]}<\/script>\n<!-- \/ Yoast SEO plugin. -->","yoast_head_json":{"title":"COURS DE MASSAGE EDONIS\u00ae - Sant\u00e9 Naturelle et Massage","description":"Vous souhaitez d\u00e9couvrir des techniques de massage ? Profitez d'un cours de massage Edonis pour d\u00e9couvrir tous les secrets d'une m\u00e9thode \u00e9nerg\u00e9tique unique.","robots":{"index":"index","follow":"follow","max-snippet":"max-snippet:-1","max-image-preview":"max-image-preview:large","max-video-preview":"max-video-preview:-1"},"canonical":"https:\/\/www.santenaturelle-et-massage-fontainebleau.fr\/index.php\/cours-de-massage-edonis\/","twitter_card":"summary_large_image","twitter_title":"COURS DE MASSAGE EDONIS\u00ae - Sant\u00e9 Naturelle et Massage","twitter_description":"Vous souhaitez d\u00e9couvrir des techniques de massage ? Profitez d'un cours de massage Edonis pour d\u00e9couvrir tous les secrets d'une m\u00e9thode \u00e9nerg\u00e9tique unique.","twitter_image":"https:\/\/www.santenaturelle-et-massage-fontainebleau.fr\/wp-content\/uploads\/2018\/09\/cours-de-massage-Edonis-1.jpg","twitter_misc":{"Dur\u00e9e de lecture estim\u00e9e":"1 minute"},"schema":{"@context":"https:\/\/schema.org","@graph":[{"@type":"WebPage","@id":"https:\/\/www.santenaturelle-et-massage-fontainebleau.fr\/index.php\/cours-de-massage-edonis\/","url":"https:\/\/www.santenaturelle-et-massage-fontainebleau.fr\/index.php\/cours-de-massage-edonis\/","name":"COURS DE MASSAGE EDONIS\u00ae - Sant\u00e9 Naturelle et Massage","isPartOf":{"@id":"https:\/\/www.santenaturelle-et-massage-fontainebleau.fr\/#website"},"primaryImageOfPage":{"@id":"https:\/\/www.santenaturelle-et-massage-fontainebleau.fr\/index.php\/cours-de-massage-edonis\/#primaryimage"},"image":{"@id":"https:\/\/www.santenaturelle-et-massage-fontainebleau.fr\/index.php\/cours-de-massage-edonis\/#primaryimage"},"thumbnailUrl":"https:\/\/www.santenaturelle-et-massage-fontainebleau.fr\/wp-content\/uploads\/2018\/09\/cours-de-massage-Edonis-1-200x300.jpg","datePublished":"2018-03-29T13:56:15+00:00","dateModified":"2022-08-17T10:16:38+00:00","description":"Vous souhaitez d\u00e9couvrir des techniques de massage ? Profitez d'un cours de massage Edonis pour d\u00e9couvrir tous les secrets d'une m\u00e9thode \u00e9nerg\u00e9tique unique.","breadcrumb":{"@id":"https:\/\/www.santenaturelle-et-massage-fontainebleau.fr\/index.php\/cours-de-massage-edonis\/#breadcrumb"},"inLanguage":"fr-FR","potentialAction":[{"@type":"ReadAction","target":["https:\/\/www.santenaturelle-et-massage-fontainebleau.fr\/index.php\/cours-de-massage-edonis\/"]}]},{"@type":"ImageObject","inLanguage":"fr-FR","@id":"https:\/\/www.santenaturelle-et-massage-fontainebleau.fr\/index.php\/cours-de-massage-edonis\/#primaryimage","url":"https:\/\/www.santenaturelle-et-massage-fontainebleau.fr\/wp-content\/uploads\/2018\/09\/cours-de-massage-Edonis-1.jpg","contentUrl":"https:\/\/www.santenaturelle-et-massage-fontainebleau.fr\/wp-content\/uploads\/2018\/09\/cours-de-massage-Edonis-1.jpg","width":3648,"height":5472,"caption":"cours de massage edonis sant\u00e9"},{"@type":"BreadcrumbList","@id":"https:\/\/www.santenaturelle-et-massage-fontainebleau.fr\/index.php\/cours-de-massage-edonis\/#breadcrumb","itemListElement":[{"@type":"ListItem","position":1,"name":"Accueil","item":"https:\/\/www.santenaturelle-et-massage-fontainebleau.fr\/"},{"@type":"ListItem","position":2,"name":"COURS DE MASSAGE EDONIS\u00ae"}]},{"@type":"WebSite","@id":"https:\/\/www.santenaturelle-et-massage-fontainebleau.fr\/#website","url":"https:\/\/www.santenaturelle-et-massage-fontainebleau.fr\/","name":"Sant\u00e9 Naturelle et Massage","description":"FONTAINEBLEAU","publisher":{"@id":"https:\/\/www.santenaturelle-et-massage-fontainebleau.fr\/#organization"},"potentialAction":[{"@type":"SearchAction","target":{"@type":"EntryPoint","urlTemplate":"https:\/\/www.santenaturelle-et-massage-fontainebleau.fr\/?s={search_term_string}"},"query-input":{"@type":"PropertyValueSpecification","valueRequired":true,"valueName":"search_term_string"}}],"inLanguage":"fr-FR"},{"@type":"Organization","@id":"https:\/\/www.santenaturelle-et-massage-fontainebleau.fr\/#organization","name":"Sant\u00e9 Naturelle et Massage","url":"https:\/\/www.santenaturelle-et-massage-fontainebleau.fr\/","logo":{"@type":"ImageObject","inLanguage":"fr-FR","@id":"https:\/\/www.santenaturelle-et-massage-fontainebleau.fr\/#\/schema\/logo\/image\/","url":"https:\/\/www.santenaturelle-et-massage-fontainebleau.fr\/wp-content\/uploads\/2020\/02\/cropped-thumbnail_22298-logotipo-Masages-Nathalie-02.jpg","contentUrl":"https:\/\/www.santenaturelle-et-massage-fontainebleau.fr\/wp-content\/uploads\/2020\/02\/cropped-thumbnail_22298-logotipo-Masages-Nathalie-02.jpg","width":250,"height":250,"caption":"Sant\u00e9 Naturelle et Massage"},"image":{"@id":"https:\/\/www.santenaturelle-et-massage-fontainebleau.fr\/#\/schema\/logo\/image\/"},"sameAs":["http:\/\/www.facebook.com\/SanteNaturelleMassageFontainebleau\/"]}]}},"_links":{"self":[{"href":"https:\/\/www.santenaturelle-et-massage-fontainebleau.fr\/index.php\/wp-json\/wp\/v2\/pages\/76","targetHints":{"allow":["GET"]}}],"collection":[{"href":"https:\/\/www.santenaturelle-et-massage-fontainebleau.fr\/index.php\/wp-json\/wp\/v2\/pages"}],"about":[{"href":"https:\/\/www.santenaturelle-et-massage-fontainebleau.fr\/index.php\/wp-json\/wp\/v2\/types\/page"}],"author":[{"embeddable":true,"href":"https:\/\/www.santenaturelle-et-massage-fontainebleau.fr\/index.php\/wp-json\/wp\/v2\/users\/3"}],"replies":[{"embeddable":true,"href":"https:\/\/www.santenaturelle-et-massage-fontainebleau.fr\/index.php\/wp-json\/wp\/v2\/comments?post=76"}],"version-history":[{"count":0,"href":"https:\/\/www.santenaturelle-et-massage-fontainebleau.fr\/index.php\/wp-json\/wp\/v2\/pages\/76\/revisions"}],"wp:attachment":[{"href":"https:\/\/www.santenaturelle-et-massage-fontainebleau.fr\/index.php\/wp-json\/wp\/v2\/media?parent=76"}],"curies":[{"name":"wp","href":"https:\/\/api.w.org\/{rel}","templated":true}]}}