{"id":485,"date":"2018-11-27T11:45:28","date_gmt":"2018-11-27T10:45:28","guid":{"rendered":"https:\/\/www.santenaturelle-et-massage-fontainebleau.fr\/?page_id=485"},"modified":"2022-08-14T12:56:01","modified_gmt":"2022-08-14T10:56:01","slug":"methode-traditionnelle-chinoise","status":"publish","type":"page","link":"https:\/\/www.santenaturelle-et-massage-fontainebleau.fr\/index.php\/methode-traditionnelle-chinoise\/","title":{"rendered":"M\u00c9THODE TRADITIONNELLE CHINOISE"},"content":{"rendered":"\n<h1 class=\"has-text-align-center wp-block-heading\"><figure><img loading=\"lazy\" decoding=\"async\" class=\"aligncenter  wp-image-687\" src=\"https:\/\/www.santenaturelle-et-massage-fontainebleau.fr\/wp-content\/uploads\/2019\/09\/massage-et-sant\u00e9-naturelle-300x251.png\" alt=\"logo massage sant\u00e9 naturelle\" width=\"130\" height=\"109\" srcset=\"https:\/\/www.santenaturelle-et-massage-fontainebleau.fr\/wp-content\/uploads\/2019\/09\/massage-et-sant\u00e9-naturelle-300x251.png 300w, https:\/\/www.santenaturelle-et-massage-fontainebleau.fr\/wp-content\/uploads\/2019\/09\/massage-et-sant\u00e9-naturelle-768x642.png 768w, https:\/\/www.santenaturelle-et-massage-fontainebleau.fr\/wp-content\/uploads\/2019\/09\/massage-et-sant\u00e9-naturelle-1024x856.png 1024w, https:\/\/www.santenaturelle-et-massage-fontainebleau.fr\/wp-content\/uploads\/2019\/09\/massage-et-sant\u00e9-naturelle-610x510.png 610w, https:\/\/www.santenaturelle-et-massage-fontainebleau.fr\/wp-content\/uploads\/2019\/09\/massage-et-sant\u00e9-naturelle.png 1600w\" sizes=\"auto, (max-width: 130px) 100vw, 130px\" \/><\/figure>M\u00e9thode Traditionnelle Chinoise<\/h1>\n\n\n\n<h2 class=\"has-text-align-center wp-block-heading\">Lors d\u2019une d\u00e9marche en sant\u00e9 naturelle, la m\u00e9thode traditionnelle chinoise est incontournable. <br>Depuis des milliards d\u2019ann\u00e9es, elle est la m\u00e9decine pr\u00e9ventive la plus utilis\u00e9e au monde.<\/h2>\n\n\n<div class=\"wp-block-image is-style-circle-mask\">\n<figure class=\"aligncenter size-medium\"><img loading=\"lazy\" decoding=\"async\" width=\"225\" height=\"300\" src=\"https:\/\/www.santenaturelle-et-massage-fontainebleau.fr\/wp-content\/uploads\/2021\/04\/rendez-vous-massages-sant\u00e9-naturelle-fontainebleau-225x300.jpg\" alt=\"rendez-vous-massages-sant\u00e9-naturelle-fontainebleau\" class=\"wp-image-1052\" srcset=\"https:\/\/www.santenaturelle-et-massage-fontainebleau.fr\/wp-content\/uploads\/2021\/04\/rendez-vous-massages-sant\u00e9-naturelle-fontainebleau-225x300.jpg 225w, https:\/\/www.santenaturelle-et-massage-fontainebleau.fr\/wp-content\/uploads\/2021\/04\/rendez-vous-massages-sant\u00e9-naturelle-fontainebleau-768x1024.jpg 768w, https:\/\/www.santenaturelle-et-massage-fontainebleau.fr\/wp-content\/uploads\/2021\/04\/rendez-vous-massages-sant\u00e9-naturelle-fontainebleau-1152x1536.jpg 1152w, https:\/\/www.santenaturelle-et-massage-fontainebleau.fr\/wp-content\/uploads\/2021\/04\/rendez-vous-massages-sant\u00e9-naturelle-fontainebleau-610x813.jpg 610w, https:\/\/www.santenaturelle-et-massage-fontainebleau.fr\/wp-content\/uploads\/2021\/04\/rendez-vous-massages-sant\u00e9-naturelle-fontainebleau.jpg 1200w\" sizes=\"auto, (max-width: 225px) 100vw, 225px\" \/><\/figure>\n<\/div>\n\n\n<p class=\"has-small-font-size\">Plusieurs principes dirigent cette m\u00e9thode. Gr\u00e2ce \u00e0 la combinaison de l\u2019organisme en interaction avec les <strong>cycles de la nature<\/strong>, se r\u00e9tablit alors votre <strong>\u00e9quilibre<\/strong>.<\/p>\n\n\n\n<p class=\"has-small-font-size\">La <strong>circulation des \u00e9nergies<\/strong> par les m\u00e9ridiens et la th\u00e9orie des \u00e9l\u00e9ments sont des fondamentaux qui influencent l\u2019approche du travail r\u00e9alis\u00e9 au cours de la s\u00e9ance.<\/p>\n\n\n\n<p class=\"has-small-font-size\">Ainsi, en pratique, peuvent \u00eatre r\u00e9alis\u00e9s lors de prochaine <strong>s\u00e9ance Sant\u00e9 naturelle et massage<\/strong> les soins suivants:<\/p>\n\n\n\n<p class=\"has-small-font-size\">\u00b7 TuiNa<\/p>\n\n\n\n<p class=\"has-small-font-size\">\u00b7 <a href=\"https:\/\/www.santenaturelle-et-massage-fontainebleau.fr\/index.php\/moxibustion\/\">la moxibustion<\/a><\/p>\n\n\n\n<p class=\"has-small-font-size\">\u00b7 la r\u00e9flexologie auriculaire<\/p>\n\n\n\n<p class=\"has-small-font-size\">\u00b7 les  techniques issues de la m\u00e9decine chinoise<\/p>\n\n\n\n<p class=\"has-small-font-size\">\u00b7 des <strong>exercices de respiration et des techniques manuelles \u00e0 r\u00e9p\u00e9ter chez soi<\/strong>. <\/p>\n\n\n\n<p class=\"has-normal-font-size\">Une multitude de bienfaits \u00e0 d\u00e9couvrir lors de votre prochain rendez-vous.<\/p>\n\n\n\n<figure class=\"wp-block-gallery alignright has-nested-images columns-default is-cropped wp-block-gallery-1 is-layout-flex wp-block-gallery-is-layout-flex\">\n<figure class=\"wp-block-image size-large\"><img loading=\"lazy\" decoding=\"async\" width=\"1024\" height=\"768\" data-id=\"1053\" src=\"https:\/\/www.santenaturelle-et-massage-fontainebleau.fr\/wp-content\/uploads\/2021\/04\/tarifs-sant\u00e9-naturelle-et-massage-fontainebleau-1024x768.jpg\" alt=\"\" class=\"wp-image-1053\" srcset=\"https:\/\/www.santenaturelle-et-massage-fontainebleau.fr\/wp-content\/uploads\/2021\/04\/tarifs-sant\u00e9-naturelle-et-massage-fontainebleau-1024x768.jpg 1024w, https:\/\/www.santenaturelle-et-massage-fontainebleau.fr\/wp-content\/uploads\/2021\/04\/tarifs-sant\u00e9-naturelle-et-massage-fontainebleau-300x225.jpg 300w, https:\/\/www.santenaturelle-et-massage-fontainebleau.fr\/wp-content\/uploads\/2021\/04\/tarifs-sant\u00e9-naturelle-et-massage-fontainebleau-768x576.jpg 768w, https:\/\/www.santenaturelle-et-massage-fontainebleau.fr\/wp-content\/uploads\/2021\/04\/tarifs-sant\u00e9-naturelle-et-massage-fontainebleau-1536x1152.jpg 1536w, https:\/\/www.santenaturelle-et-massage-fontainebleau.fr\/wp-content\/uploads\/2021\/04\/tarifs-sant\u00e9-naturelle-et-massage-fontainebleau-610x458.jpg 610w, https:\/\/www.santenaturelle-et-massage-fontainebleau.fr\/wp-content\/uploads\/2021\/04\/tarifs-sant\u00e9-naturelle-et-massage-fontainebleau.jpg 1600w\" sizes=\"auto, (max-width: 767px) 89vw, (max-width: 1000px) 54vw, (max-width: 1071px) 543px, 580px\" \/><\/figure>\n\n\n\n<figure class=\"wp-block-image size-large\"><img loading=\"lazy\" decoding=\"async\" width=\"400\" height=\"300\" data-id=\"549\" src=\"https:\/\/www.santenaturelle-et-massage-fontainebleau.fr\/wp-content\/uploads\/2018\/12\/m\u00e9decine-traditionnelle-chinoise.jpg\" alt=\"m\u00e9thode traditionnelle chinoise fontainebleau\" class=\"wp-image-549\" srcset=\"https:\/\/www.santenaturelle-et-massage-fontainebleau.fr\/wp-content\/uploads\/2018\/12\/m\u00e9decine-traditionnelle-chinoise.jpg 400w, https:\/\/www.santenaturelle-et-massage-fontainebleau.fr\/wp-content\/uploads\/2018\/12\/m\u00e9decine-traditionnelle-chinoise-300x225.jpg 300w\" sizes=\"auto, (max-width: 400px) 100vw, 400px\" \/><\/figure>\n<\/figure>\n\n\n\n<h4 class=\"has-text-align-right wp-block-heading\"><a href=\"https:\/\/www.santenaturelle-et-massage-fontainebleau.fr\/index.php\/mon-rendez-vous-massage\/\">R\u00e9servez ma s\u00e9ance<\/a><\/h4>\n","protected":false},"excerpt":{"rendered":"<p>M\u00e9thode Traditionnelle Chinoise Lors d\u2019une d\u00e9marche en sant\u00e9 naturelle, la m\u00e9thode traditionnelle chinoise est incontournable. Depuis des milliards d\u2019ann\u00e9es, elle est la m\u00e9decine pr\u00e9ventive la plus utilis\u00e9e au monde. Plusieurs principes dirigent cette m\u00e9thode. Gr\u00e2ce \u00e0 la combinaison de l\u2019organisme en interaction avec les cycles de la nature, se r\u00e9tablit alors votre \u00e9quilibre. La circulation &hellip; <\/p>\n<p class=\"link-more\"><a href=\"https:\/\/www.santenaturelle-et-massage-fontainebleau.fr\/index.php\/methode-traditionnelle-chinoise\/\" class=\"more-link\">Continuer la lecture<span class=\"screen-reader-text\"> de &laquo;&nbsp;M\u00c9THODE TRADITIONNELLE CHINOISE&nbsp;&raquo;<\/span><\/a><\/p>\n","protected":false},"author":3,"featured_media":0,"parent":0,"menu_order":0,"comment_status":"closed","ping_status":"closed","template":"","meta":{"_exactmetrics_skip_tracking":false,"_exactmetrics_sitenote_active":false,"_exactmetrics_sitenote_note":"","_exactmetrics_sitenote_category":0,"footnotes":""},"class_list":["post-485","page","type-page","status-publish","hentry"],"yoast_head":"<!-- This site is optimized with the Yoast SEO plugin v27.5 - https:\/\/yoast.com\/product\/yoast-seo-wordpress\/ -->\n<title>M\u00c9THODE TRADITIONNELLE CHINOISE - Sant\u00e9 Naturelle et Massage<\/title>\n<meta name=\"description\" content=\"Au sein du cabinet de Fontainebleau,d\u00e9couvrez la m\u00e9thode traditionnelle chinoise pratiqu\u00e9e par Nathalie Rubio. Moxibustion, di\u00e9t\u00e9tique chinoise, Qi, massage\" \/>\n<meta name=\"robots\" content=\"index, follow, max-snippet:-1, max-image-preview:large, max-video-preview:-1\" \/>\n<link rel=\"canonical\" href=\"https:\/\/www.santenaturelle-et-massage-fontainebleau.fr\/index.php\/methode-traditionnelle-chinoise\/\" \/>\n<meta name=\"twitter:card\" content=\"summary_large_image\" \/>\n<meta name=\"twitter:title\" content=\"M\u00c9THODE TRADITIONNELLE CHINOISE - Sant\u00e9 Naturelle et Massage\" \/>\n<meta name=\"twitter:description\" content=\"Au sein du cabinet de Fontainebleau,d\u00e9couvrez la m\u00e9thode traditionnelle chinoise pratiqu\u00e9e par Nathalie Rubio. Moxibustion, di\u00e9t\u00e9tique chinoise, Qi, massage\" \/>\n<meta name=\"twitter:label1\" content=\"Dur\u00e9e de lecture estim\u00e9e\" \/>\n\t<meta name=\"twitter:data1\" content=\"2 minutes\" \/>\n<script type=\"application\/ld+json\" class=\"yoast-schema-graph\">{\"@context\":\"https:\\\/\\\/schema.org\",\"@graph\":[{\"@type\":\"WebPage\",\"@id\":\"https:\\\/\\\/www.santenaturelle-et-massage-fontainebleau.fr\\\/index.php\\\/methode-traditionnelle-chinoise\\\/\",\"url\":\"https:\\\/\\\/www.santenaturelle-et-massage-fontainebleau.fr\\\/index.php\\\/methode-traditionnelle-chinoise\\\/\",\"name\":\"M\u00c9THODE TRADITIONNELLE CHINOISE - Sant\u00e9 Naturelle et Massage\",\"isPartOf\":{\"@id\":\"https:\\\/\\\/www.santenaturelle-et-massage-fontainebleau.fr\\\/#website\"},\"datePublished\":\"2018-11-27T10:45:28+00:00\",\"dateModified\":\"2022-08-14T10:56:01+00:00\",\"description\":\"Au sein du cabinet de Fontainebleau,d\u00e9couvrez la m\u00e9thode traditionnelle chinoise pratiqu\u00e9e par Nathalie Rubio. Moxibustion, di\u00e9t\u00e9tique chinoise, Qi, massage\",\"breadcrumb\":{\"@id\":\"https:\\\/\\\/www.santenaturelle-et-massage-fontainebleau.fr\\\/index.php\\\/methode-traditionnelle-chinoise\\\/#breadcrumb\"},\"inLanguage\":\"fr-FR\",\"potentialAction\":[{\"@type\":\"ReadAction\",\"target\":[\"https:\\\/\\\/www.santenaturelle-et-massage-fontainebleau.fr\\\/index.php\\\/methode-traditionnelle-chinoise\\\/\"]}]},{\"@type\":\"BreadcrumbList\",\"@id\":\"https:\\\/\\\/www.santenaturelle-et-massage-fontainebleau.fr\\\/index.php\\\/methode-traditionnelle-chinoise\\\/#breadcrumb\",\"itemListElement\":[{\"@type\":\"ListItem\",\"position\":1,\"name\":\"Accueil\",\"item\":\"https:\\\/\\\/www.santenaturelle-et-massage-fontainebleau.fr\\\/\"},{\"@type\":\"ListItem\",\"position\":2,\"name\":\"M\u00c9THODE TRADITIONNELLE CHINOISE\"}]},{\"@type\":\"WebSite\",\"@id\":\"https:\\\/\\\/www.santenaturelle-et-massage-fontainebleau.fr\\\/#website\",\"url\":\"https:\\\/\\\/www.santenaturelle-et-massage-fontainebleau.fr\\\/\",\"name\":\"Sant\u00e9 Naturelle et Massage\",\"description\":\"FONTAINEBLEAU\",\"publisher\":{\"@id\":\"https:\\\/\\\/www.santenaturelle-et-massage-fontainebleau.fr\\\/#organization\"},\"potentialAction\":[{\"@type\":\"SearchAction\",\"target\":{\"@type\":\"EntryPoint\",\"urlTemplate\":\"https:\\\/\\\/www.santenaturelle-et-massage-fontainebleau.fr\\\/?s={search_term_string}\"},\"query-input\":{\"@type\":\"PropertyValueSpecification\",\"valueRequired\":true,\"valueName\":\"search_term_string\"}}],\"inLanguage\":\"fr-FR\"},{\"@type\":\"Organization\",\"@id\":\"https:\\\/\\\/www.santenaturelle-et-massage-fontainebleau.fr\\\/#organization\",\"name\":\"Sant\u00e9 Naturelle et Massage\",\"url\":\"https:\\\/\\\/www.santenaturelle-et-massage-fontainebleau.fr\\\/\",\"logo\":{\"@type\":\"ImageObject\",\"inLanguage\":\"fr-FR\",\"@id\":\"https:\\\/\\\/www.santenaturelle-et-massage-fontainebleau.fr\\\/#\\\/schema\\\/logo\\\/image\\\/\",\"url\":\"https:\\\/\\\/www.santenaturelle-et-massage-fontainebleau.fr\\\/wp-content\\\/uploads\\\/2020\\\/02\\\/cropped-thumbnail_22298-logotipo-Masages-Nathalie-02.jpg\",\"contentUrl\":\"https:\\\/\\\/www.santenaturelle-et-massage-fontainebleau.fr\\\/wp-content\\\/uploads\\\/2020\\\/02\\\/cropped-thumbnail_22298-logotipo-Masages-Nathalie-02.jpg\",\"width\":250,\"height\":250,\"caption\":\"Sant\u00e9 Naturelle et Massage\"},\"image\":{\"@id\":\"https:\\\/\\\/www.santenaturelle-et-massage-fontainebleau.fr\\\/#\\\/schema\\\/logo\\\/image\\\/\"},\"sameAs\":[\"http:\\\/\\\/www.facebook.com\\\/SanteNaturelleMassageFontainebleau\\\/\"]}]}<\/script>\n<!-- \/ Yoast SEO plugin. -->","yoast_head_json":{"title":"M\u00c9THODE TRADITIONNELLE CHINOISE - Sant\u00e9 Naturelle et Massage","description":"Au sein du cabinet de Fontainebleau,d\u00e9couvrez la m\u00e9thode traditionnelle chinoise pratiqu\u00e9e par Nathalie Rubio. Moxibustion, di\u00e9t\u00e9tique chinoise, Qi, massage","robots":{"index":"index","follow":"follow","max-snippet":"max-snippet:-1","max-image-preview":"max-image-preview:large","max-video-preview":"max-video-preview:-1"},"canonical":"https:\/\/www.santenaturelle-et-massage-fontainebleau.fr\/index.php\/methode-traditionnelle-chinoise\/","twitter_card":"summary_large_image","twitter_title":"M\u00c9THODE TRADITIONNELLE CHINOISE - Sant\u00e9 Naturelle et Massage","twitter_description":"Au sein du cabinet de Fontainebleau,d\u00e9couvrez la m\u00e9thode traditionnelle chinoise pratiqu\u00e9e par Nathalie Rubio. Moxibustion, di\u00e9t\u00e9tique chinoise, Qi, massage","twitter_misc":{"Dur\u00e9e de lecture estim\u00e9e":"2 minutes"},"schema":{"@context":"https:\/\/schema.org","@graph":[{"@type":"WebPage","@id":"https:\/\/www.santenaturelle-et-massage-fontainebleau.fr\/index.php\/methode-traditionnelle-chinoise\/","url":"https:\/\/www.santenaturelle-et-massage-fontainebleau.fr\/index.php\/methode-traditionnelle-chinoise\/","name":"M\u00c9THODE TRADITIONNELLE CHINOISE - Sant\u00e9 Naturelle et Massage","isPartOf":{"@id":"https:\/\/www.santenaturelle-et-massage-fontainebleau.fr\/#website"},"datePublished":"2018-11-27T10:45:28+00:00","dateModified":"2022-08-14T10:56:01+00:00","description":"Au sein du cabinet de Fontainebleau,d\u00e9couvrez la m\u00e9thode traditionnelle chinoise pratiqu\u00e9e par Nathalie Rubio. Moxibustion, di\u00e9t\u00e9tique chinoise, Qi, massage","breadcrumb":{"@id":"https:\/\/www.santenaturelle-et-massage-fontainebleau.fr\/index.php\/methode-traditionnelle-chinoise\/#breadcrumb"},"inLanguage":"fr-FR","potentialAction":[{"@type":"ReadAction","target":["https:\/\/www.santenaturelle-et-massage-fontainebleau.fr\/index.php\/methode-traditionnelle-chinoise\/"]}]},{"@type":"BreadcrumbList","@id":"https:\/\/www.santenaturelle-et-massage-fontainebleau.fr\/index.php\/methode-traditionnelle-chinoise\/#breadcrumb","itemListElement":[{"@type":"ListItem","position":1,"name":"Accueil","item":"https:\/\/www.santenaturelle-et-massage-fontainebleau.fr\/"},{"@type":"ListItem","position":2,"name":"M\u00c9THODE TRADITIONNELLE CHINOISE"}]},{"@type":"WebSite","@id":"https:\/\/www.santenaturelle-et-massage-fontainebleau.fr\/#website","url":"https:\/\/www.santenaturelle-et-massage-fontainebleau.fr\/","name":"Sant\u00e9 Naturelle et Massage","description":"FONTAINEBLEAU","publisher":{"@id":"https:\/\/www.santenaturelle-et-massage-fontainebleau.fr\/#organization"},"potentialAction":[{"@type":"SearchAction","target":{"@type":"EntryPoint","urlTemplate":"https:\/\/www.santenaturelle-et-massage-fontainebleau.fr\/?s={search_term_string}"},"query-input":{"@type":"PropertyValueSpecification","valueRequired":true,"valueName":"search_term_string"}}],"inLanguage":"fr-FR"},{"@type":"Organization","@id":"https:\/\/www.santenaturelle-et-massage-fontainebleau.fr\/#organization","name":"Sant\u00e9 Naturelle et Massage","url":"https:\/\/www.santenaturelle-et-massage-fontainebleau.fr\/","logo":{"@type":"ImageObject","inLanguage":"fr-FR","@id":"https:\/\/www.santenaturelle-et-massage-fontainebleau.fr\/#\/schema\/logo\/image\/","url":"https:\/\/www.santenaturelle-et-massage-fontainebleau.fr\/wp-content\/uploads\/2020\/02\/cropped-thumbnail_22298-logotipo-Masages-Nathalie-02.jpg","contentUrl":"https:\/\/www.santenaturelle-et-massage-fontainebleau.fr\/wp-content\/uploads\/2020\/02\/cropped-thumbnail_22298-logotipo-Masages-Nathalie-02.jpg","width":250,"height":250,"caption":"Sant\u00e9 Naturelle et Massage"},"image":{"@id":"https:\/\/www.santenaturelle-et-massage-fontainebleau.fr\/#\/schema\/logo\/image\/"},"sameAs":["http:\/\/www.facebook.com\/SanteNaturelleMassageFontainebleau\/"]}]}},"_links":{"self":[{"href":"https:\/\/www.santenaturelle-et-massage-fontainebleau.fr\/index.php\/wp-json\/wp\/v2\/pages\/485","targetHints":{"allow":["GET"]}}],"collection":[{"href":"https:\/\/www.santenaturelle-et-massage-fontainebleau.fr\/index.php\/wp-json\/wp\/v2\/pages"}],"about":[{"href":"https:\/\/www.santenaturelle-et-massage-fontainebleau.fr\/index.php\/wp-json\/wp\/v2\/types\/page"}],"author":[{"embeddable":true,"href":"https:\/\/www.santenaturelle-et-massage-fontainebleau.fr\/index.php\/wp-json\/wp\/v2\/users\/3"}],"replies":[{"embeddable":true,"href":"https:\/\/www.santenaturelle-et-massage-fontainebleau.fr\/index.php\/wp-json\/wp\/v2\/comments?post=485"}],"version-history":[{"count":0,"href":"https:\/\/www.santenaturelle-et-massage-fontainebleau.fr\/index.php\/wp-json\/wp\/v2\/pages\/485\/revisions"}],"wp:attachment":[{"href":"https:\/\/www.santenaturelle-et-massage-fontainebleau.fr\/index.php\/wp-json\/wp\/v2\/media?parent=485"}],"curies":[{"name":"wp","href":"https:\/\/api.w.org\/{rel}","templated":true}]}}