{"id":23,"date":"2018-03-28T17:40:52","date_gmt":"2018-03-28T15:40:52","guid":{"rendered":"https:\/\/www.santenaturelle-et-massage-fontainebleau.fr\/?page_id=23"},"modified":"2024-04-13T21:16:24","modified_gmt":"2024-04-13T19:16:24","slug":"mon-rendez-vous-massage","status":"publish","type":"page","link":"https:\/\/www.santenaturelle-et-massage-fontainebleau.fr\/index.php\/mon-rendez-vous-massage\/","title":{"rendered":"MON RENDEZ-VOUS MASSAGE"},"content":{"rendered":"\n<div class=\"wp-block-group\"><div class=\"wp-block-group__inner-container is-layout-flow wp-block-group-is-layout-flow\">\n<h1 style=\"text-align: center;\"><span style=\"color: #333333;\">MON RENDEZ-VOUS MASSAGE<\/span><\/h1>\n<h2 style=\"text-align: center;\">Nathalie Rubio<br \/>06.98.29.02.72<br \/><img loading=\"lazy\" decoding=\"async\" class=\"alignright size-medium wp-image-1063\" src=\"https:\/\/www.santenaturelle-et-massage-fontainebleau.fr\/wp-content\/uploads\/2021\/04\/mon-rendez-vous-massage-sant\u00e9-naturelle-fontainbleau-225x300.jpg\" alt=\"\" width=\"225\" height=\"300\" srcset=\"https:\/\/www.santenaturelle-et-massage-fontainebleau.fr\/wp-content\/uploads\/2021\/04\/mon-rendez-vous-massage-sant\u00e9-naturelle-fontainbleau-225x300.jpg 225w, https:\/\/www.santenaturelle-et-massage-fontainebleau.fr\/wp-content\/uploads\/2021\/04\/mon-rendez-vous-massage-sant\u00e9-naturelle-fontainbleau-768x1024.jpg 768w, https:\/\/www.santenaturelle-et-massage-fontainebleau.fr\/wp-content\/uploads\/2021\/04\/mon-rendez-vous-massage-sant\u00e9-naturelle-fontainbleau-1152x1536.jpg 1152w, https:\/\/www.santenaturelle-et-massage-fontainebleau.fr\/wp-content\/uploads\/2021\/04\/mon-rendez-vous-massage-sant\u00e9-naturelle-fontainbleau-610x813.jpg 610w, https:\/\/www.santenaturelle-et-massage-fontainebleau.fr\/wp-content\/uploads\/2021\/04\/mon-rendez-vous-massage-sant\u00e9-naturelle-fontainbleau.jpg 1200w\" sizes=\"auto, (max-width: 225px) 100vw, 225px\" \/><\/h2>\n<p>\u00a0<\/p>\n<p>\u00a0<\/p>\n<p>\u00a0<\/p>\n<p>\u00a0<\/p>\n<p>\u00a0<\/p>\n<p>\u00a0<\/p>\n<p>\u00a0<\/p>\n\n<div class=\"wpcf7 no-js\" id=\"wpcf7-f763-o1\" lang=\"fr-FR\" dir=\"ltr\" data-wpcf7-id=\"763\">\n<div class=\"screen-reader-response\"><p role=\"status\" aria-live=\"polite\" aria-atomic=\"true\"><\/p> <ul><\/ul><\/div>\n<form action=\"\/index.php\/wp-json\/wp\/v2\/pages\/23#wpcf7-f763-o1\" method=\"post\" class=\"wpcf7-form init\" aria-label=\"Formulaire de contact\" novalidate=\"novalidate\" data-status=\"init\">\n<fieldset class=\"hidden-fields-container\"><input type=\"hidden\" name=\"_wpcf7\" value=\"763\" \/><input type=\"hidden\" name=\"_wpcf7_version\" value=\"6.1.5\" \/><input type=\"hidden\" name=\"_wpcf7_locale\" value=\"fr_FR\" \/><input type=\"hidden\" name=\"_wpcf7_unit_tag\" value=\"wpcf7-f763-o1\" \/><input type=\"hidden\" name=\"_wpcf7_container_post\" value=\"0\" \/><input type=\"hidden\" name=\"_wpcf7_posted_data_hash\" value=\"\" \/>\n<\/fieldset>\n<p><label> Votre nom, pr\u00e9nom (obligatoire)<br \/>\n<span class=\"wpcf7-form-control-wrap\" data-name=\"your-name\"><input size=\"40\" maxlength=\"400\" class=\"wpcf7-form-control wpcf7-text wpcf7-validates-as-required\" aria-required=\"true\" aria-invalid=\"false\" value=\"\" type=\"text\" name=\"your-name\" \/><\/span> <\/label>\n<\/p>\n<p><label> Votre adresse de messagerie (obligatoire)<br \/>\n<span class=\"wpcf7-form-control-wrap\" data-name=\"your-email\"><input size=\"40\" maxlength=\"400\" class=\"wpcf7-form-control wpcf7-email wpcf7-validates-as-required wpcf7-text wpcf7-validates-as-email\" aria-required=\"true\" aria-invalid=\"false\" value=\"\" type=\"email\" name=\"your-email\" \/><\/span> <\/label>\n<\/p>\n<p><span class=\"wpcf7-form-control-wrap\" data-name=\"tel-941\"><input size=\"40\" maxlength=\"400\" class=\"wpcf7-form-control wpcf7-tel wpcf7-text wpcf7-validates-as-tel\" aria-invalid=\"false\" placeholder=\"Votre num\u00e9ro de t\u00e9l\u00e9phone\" value=\"\" type=\"tel\" name=\"tel-941\" \/><\/span>\n<\/p>\n<p><label> Demande d'informations<br \/>\n<span class=\"wpcf7-form-control-wrap\" data-name=\"your-subject\"><input size=\"40\" maxlength=\"400\" class=\"wpcf7-form-control wpcf7-text\" aria-invalid=\"false\" value=\"\" type=\"text\" name=\"your-subject\" \/><\/span> <\/label>\n<\/p>\n<p><label> Votre message<br \/>\n<span class=\"wpcf7-form-control-wrap\" data-name=\"your-message\"><textarea cols=\"40\" rows=\"10\" maxlength=\"2000\" class=\"wpcf7-form-control wpcf7-textarea\" aria-invalid=\"false\" name=\"your-message\"><\/textarea><\/span> <\/label>\n<\/p>\n<p><button class=\"wpcf7-form-control wpcf7-submit has-spinner et_pb_button et_pb_bg_layout_light\" type=\"submit\" value=\"Envoyer\">Envoyer<\/button>\n<\/p><p style=\"display: none !important;\" class=\"akismet-fields-container\" data-prefix=\"_wpcf7_ak_\"><label>&#916;<textarea name=\"_wpcf7_ak_hp_textarea\" cols=\"45\" rows=\"8\" maxlength=\"100\"><\/textarea><\/label><input type=\"hidden\" id=\"ak_js_1\" name=\"_wpcf7_ak_js\" value=\"105\"\/><script>document.getElementById( \"ak_js_1\" ).setAttribute( \"value\", ( new Date() ).getTime() );<\/script><\/p><div class=\"wpcf7-response-output\" aria-hidden=\"true\"><\/div>\n<\/form>\n<\/div>\n\n<p style=\"text-align: center;\"><img loading=\"lazy\" decoding=\"async\" class=\"size-medium wp-image-675 alignnone\" src=\"https:\/\/www.santenaturelle-et-massage-fontainebleau.fr\/wp-content\/uploads\/2019\/09\/logo-sant\u00e9-naturelle-et-massage-fontainebleau-300x300.jpg\" alt=\"logo sant\u00e9 naturelle et massage fontainebleau\" width=\"300\" height=\"300\" srcset=\"https:\/\/www.santenaturelle-et-massage-fontainebleau.fr\/wp-content\/uploads\/2019\/09\/logo-sant\u00e9-naturelle-et-massage-fontainebleau-300x300.jpg 300w, https:\/\/www.santenaturelle-et-massage-fontainebleau.fr\/wp-content\/uploads\/2019\/09\/logo-sant\u00e9-naturelle-et-massage-fontainebleau-150x150.jpg 150w, https:\/\/www.santenaturelle-et-massage-fontainebleau.fr\/wp-content\/uploads\/2019\/09\/logo-sant\u00e9-naturelle-et-massage-fontainebleau-768x768.jpg 768w, https:\/\/www.santenaturelle-et-massage-fontainebleau.fr\/wp-content\/uploads\/2019\/09\/logo-sant\u00e9-naturelle-et-massage-fontainebleau-1024x1024.jpg 1024w, https:\/\/www.santenaturelle-et-massage-fontainebleau.fr\/wp-content\/uploads\/2019\/09\/logo-sant\u00e9-naturelle-et-massage-fontainebleau-610x610.jpg 610w, https:\/\/www.santenaturelle-et-massage-fontainebleau.fr\/wp-content\/uploads\/2019\/09\/logo-sant\u00e9-naturelle-et-massage-fontainebleau-100x100.jpg 100w\" sizes=\"auto, (max-width: 300px) 100vw, 300px\" \/><\/p>\n<p style=\"text-align: center;\">Mon Rendez-Vous Massage est d\u00e9di\u00e9 \u00e0 l&rsquo;\u00e9change.<br \/>Votre massoth\u00e9rapeute Nathalie Rubio se fera un plaisir de vous r\u00e9pondre rapidement pour d\u00e9marrer votre prochaine s\u00e9ance.<\/p>\n<p style=\"text-align: center;\">Mon rendez-vous massage peut se faire directement par t\u00e9l\u00e9phone ou par mail, ainsi que sur <a href=\"https:\/\/www.facebook.com\/SanteNaturelleMassageFontainebleau\/\">Facebook.<\/a><\/p>\n<p style=\"text-align: center;\">Disponible \u00e9galement sur :<\/p>\n<p><a href=\"https:\/\/www.resalib.fr\/praticien\/4708-rubio-nathalie-praticien-en-energetique-chinoise-bagneaux-sur-loing\"><img decoding=\"async\" class=\"aligncenter\" src=\"https:\/\/www.resalib.fr\/env\/production\/images\/logo_app.png\" alt=\"Resalib\" \/><\/a><\/p>\n<h4 style=\"text-align: center;\">Une adresse situ\u00e9e \u00e0 Nemours est \u00e0 votre disposition, pour votre moment bien-\u00eatre (retrouvez-la \u00e0 gauche tout en bas de la page).<\/h4>\n<h4 style=\"text-align: center;\">\u00a0<\/h4>\n<\/div><\/div>\n","protected":false},"excerpt":{"rendered":"<p>MON RENDEZ-VOUS MASSAGE Nathalie Rubio06.98.29.02.72 \u00a0 \u00a0 \u00a0 \u00a0 \u00a0 \u00a0 \u00a0 Mon Rendez-Vous Massage est d\u00e9di\u00e9 \u00e0 l&rsquo;\u00e9change.Votre massoth\u00e9rapeute Nathalie Rubio se fera un plaisir de vous r\u00e9pondre rapidement pour d\u00e9marrer votre prochaine s\u00e9ance. Mon rendez-vous massage peut se faire directement par t\u00e9l\u00e9phone ou par mail, ainsi que sur Facebook. Disponible \u00e9galement sur : &hellip; <\/p>\n<p class=\"link-more\"><a href=\"https:\/\/www.santenaturelle-et-massage-fontainebleau.fr\/index.php\/mon-rendez-vous-massage\/\" class=\"more-link\">Continuer la lecture<span class=\"screen-reader-text\"> de &laquo;&nbsp;MON RENDEZ-VOUS MASSAGE&nbsp;&raquo;<\/span><\/a><\/p>\n","protected":false},"author":3,"featured_media":0,"parent":0,"menu_order":0,"comment_status":"closed","ping_status":"closed","template":"","meta":{"_exactmetrics_skip_tracking":false,"_exactmetrics_sitenote_active":false,"_exactmetrics_sitenote_note":"","_exactmetrics_sitenote_category":0,"footnotes":""},"class_list":["post-23","page","type-page","status-publish","hentry"],"yoast_head":"<!-- This site is optimized with the Yoast SEO plugin v27.5 - https:\/\/yoast.com\/product\/yoast-seo-wordpress\/ -->\n<title>MON RENDEZ-VOUS MASSAGE - Sant\u00e9 Naturelle et Massage<\/title>\n<meta name=\"description\" content=\"Mon rendez-vous massage \u00e0 Fontainebleau :r\u00e9servez votre s\u00e9ance Edonis, naturopathie, m\u00e9decine traditionnelle chinoise, pr\u00e9paration sportive, minceur...\" \/>\n<meta name=\"robots\" content=\"index, follow, max-snippet:-1, max-image-preview:large, max-video-preview:-1\" \/>\n<link rel=\"canonical\" href=\"https:\/\/www.santenaturelle-et-massage-fontainebleau.fr\/index.php\/mon-rendez-vous-massage\/\" \/>\n<meta name=\"twitter:card\" content=\"summary_large_image\" \/>\n<meta name=\"twitter:title\" content=\"MON RENDEZ-VOUS MASSAGE - Sant\u00e9 Naturelle et Massage\" \/>\n<meta name=\"twitter:description\" content=\"Mon rendez-vous massage \u00e0 Fontainebleau :r\u00e9servez votre s\u00e9ance Edonis, naturopathie, m\u00e9decine traditionnelle chinoise, pr\u00e9paration sportive, minceur...\" \/>\n<meta name=\"twitter:image\" content=\"https:\/\/www.resalib.fr\/env\/production\/images\/logo_app.png\" \/>\n<meta name=\"twitter:label1\" content=\"Dur\u00e9e de lecture estim\u00e9e\" \/>\n\t<meta name=\"twitter:data1\" content=\"1 minute\" \/>\n<script type=\"application\/ld+json\" class=\"yoast-schema-graph\">{\"@context\":\"https:\\\/\\\/schema.org\",\"@graph\":[{\"@type\":\"WebPage\",\"@id\":\"https:\\\/\\\/www.santenaturelle-et-massage-fontainebleau.fr\\\/index.php\\\/mon-rendez-vous-massage\\\/\",\"url\":\"https:\\\/\\\/www.santenaturelle-et-massage-fontainebleau.fr\\\/index.php\\\/mon-rendez-vous-massage\\\/\",\"name\":\"MON RENDEZ-VOUS MASSAGE - Sant\u00e9 Naturelle et Massage\",\"isPartOf\":{\"@id\":\"https:\\\/\\\/www.santenaturelle-et-massage-fontainebleau.fr\\\/#website\"},\"primaryImageOfPage\":{\"@id\":\"https:\\\/\\\/www.santenaturelle-et-massage-fontainebleau.fr\\\/index.php\\\/mon-rendez-vous-massage\\\/#primaryimage\"},\"image\":{\"@id\":\"https:\\\/\\\/www.santenaturelle-et-massage-fontainebleau.fr\\\/index.php\\\/mon-rendez-vous-massage\\\/#primaryimage\"},\"thumbnailUrl\":\"https:\\\/\\\/www.resalib.fr\\\/env\\\/production\\\/images\\\/logo_app.png\",\"datePublished\":\"2018-03-28T15:40:52+00:00\",\"dateModified\":\"2024-04-13T19:16:24+00:00\",\"description\":\"Mon rendez-vous massage \u00e0 Fontainebleau :r\u00e9servez votre s\u00e9ance Edonis, naturopathie, m\u00e9decine traditionnelle chinoise, pr\u00e9paration sportive, minceur...\",\"breadcrumb\":{\"@id\":\"https:\\\/\\\/www.santenaturelle-et-massage-fontainebleau.fr\\\/index.php\\\/mon-rendez-vous-massage\\\/#breadcrumb\"},\"inLanguage\":\"fr-FR\",\"potentialAction\":[{\"@type\":\"ReadAction\",\"target\":[\"https:\\\/\\\/www.santenaturelle-et-massage-fontainebleau.fr\\\/index.php\\\/mon-rendez-vous-massage\\\/\"]}]},{\"@type\":\"ImageObject\",\"inLanguage\":\"fr-FR\",\"@id\":\"https:\\\/\\\/www.santenaturelle-et-massage-fontainebleau.fr\\\/index.php\\\/mon-rendez-vous-massage\\\/#primaryimage\",\"url\":\"https:\\\/\\\/www.resalib.fr\\\/env\\\/production\\\/images\\\/logo_app.png\",\"contentUrl\":\"https:\\\/\\\/www.resalib.fr\\\/env\\\/production\\\/images\\\/logo_app.png\"},{\"@type\":\"BreadcrumbList\",\"@id\":\"https:\\\/\\\/www.santenaturelle-et-massage-fontainebleau.fr\\\/index.php\\\/mon-rendez-vous-massage\\\/#breadcrumb\",\"itemListElement\":[{\"@type\":\"ListItem\",\"position\":1,\"name\":\"Accueil\",\"item\":\"https:\\\/\\\/www.santenaturelle-et-massage-fontainebleau.fr\\\/\"},{\"@type\":\"ListItem\",\"position\":2,\"name\":\"MON RENDEZ-VOUS MASSAGE\"}]},{\"@type\":\"WebSite\",\"@id\":\"https:\\\/\\\/www.santenaturelle-et-massage-fontainebleau.fr\\\/#website\",\"url\":\"https:\\\/\\\/www.santenaturelle-et-massage-fontainebleau.fr\\\/\",\"name\":\"Sant\u00e9 Naturelle et Massage\",\"description\":\"FONTAINEBLEAU\",\"publisher\":{\"@id\":\"https:\\\/\\\/www.santenaturelle-et-massage-fontainebleau.fr\\\/#organization\"},\"potentialAction\":[{\"@type\":\"SearchAction\",\"target\":{\"@type\":\"EntryPoint\",\"urlTemplate\":\"https:\\\/\\\/www.santenaturelle-et-massage-fontainebleau.fr\\\/?s={search_term_string}\"},\"query-input\":{\"@type\":\"PropertyValueSpecification\",\"valueRequired\":true,\"valueName\":\"search_term_string\"}}],\"inLanguage\":\"fr-FR\"},{\"@type\":\"Organization\",\"@id\":\"https:\\\/\\\/www.santenaturelle-et-massage-fontainebleau.fr\\\/#organization\",\"name\":\"Sant\u00e9 Naturelle et Massage\",\"url\":\"https:\\\/\\\/www.santenaturelle-et-massage-fontainebleau.fr\\\/\",\"logo\":{\"@type\":\"ImageObject\",\"inLanguage\":\"fr-FR\",\"@id\":\"https:\\\/\\\/www.santenaturelle-et-massage-fontainebleau.fr\\\/#\\\/schema\\\/logo\\\/image\\\/\",\"url\":\"https:\\\/\\\/www.santenaturelle-et-massage-fontainebleau.fr\\\/wp-content\\\/uploads\\\/2020\\\/02\\\/cropped-thumbnail_22298-logotipo-Masages-Nathalie-02.jpg\",\"contentUrl\":\"https:\\\/\\\/www.santenaturelle-et-massage-fontainebleau.fr\\\/wp-content\\\/uploads\\\/2020\\\/02\\\/cropped-thumbnail_22298-logotipo-Masages-Nathalie-02.jpg\",\"width\":250,\"height\":250,\"caption\":\"Sant\u00e9 Naturelle et Massage\"},\"image\":{\"@id\":\"https:\\\/\\\/www.santenaturelle-et-massage-fontainebleau.fr\\\/#\\\/schema\\\/logo\\\/image\\\/\"},\"sameAs\":[\"http:\\\/\\\/www.facebook.com\\\/SanteNaturelleMassageFontainebleau\\\/\"]}]}<\/script>\n<!-- \/ Yoast SEO plugin. -->","yoast_head_json":{"title":"MON RENDEZ-VOUS MASSAGE - Sant\u00e9 Naturelle et Massage","description":"Mon rendez-vous massage \u00e0 Fontainebleau :r\u00e9servez votre s\u00e9ance Edonis, naturopathie, m\u00e9decine traditionnelle chinoise, pr\u00e9paration sportive, minceur...","robots":{"index":"index","follow":"follow","max-snippet":"max-snippet:-1","max-image-preview":"max-image-preview:large","max-video-preview":"max-video-preview:-1"},"canonical":"https:\/\/www.santenaturelle-et-massage-fontainebleau.fr\/index.php\/mon-rendez-vous-massage\/","twitter_card":"summary_large_image","twitter_title":"MON RENDEZ-VOUS MASSAGE - Sant\u00e9 Naturelle et Massage","twitter_description":"Mon rendez-vous massage \u00e0 Fontainebleau :r\u00e9servez votre s\u00e9ance Edonis, naturopathie, m\u00e9decine traditionnelle chinoise, pr\u00e9paration sportive, minceur...","twitter_image":"https:\/\/www.resalib.fr\/env\/production\/images\/logo_app.png","twitter_misc":{"Dur\u00e9e de lecture estim\u00e9e":"1 minute"},"schema":{"@context":"https:\/\/schema.org","@graph":[{"@type":"WebPage","@id":"https:\/\/www.santenaturelle-et-massage-fontainebleau.fr\/index.php\/mon-rendez-vous-massage\/","url":"https:\/\/www.santenaturelle-et-massage-fontainebleau.fr\/index.php\/mon-rendez-vous-massage\/","name":"MON RENDEZ-VOUS MASSAGE - Sant\u00e9 Naturelle et Massage","isPartOf":{"@id":"https:\/\/www.santenaturelle-et-massage-fontainebleau.fr\/#website"},"primaryImageOfPage":{"@id":"https:\/\/www.santenaturelle-et-massage-fontainebleau.fr\/index.php\/mon-rendez-vous-massage\/#primaryimage"},"image":{"@id":"https:\/\/www.santenaturelle-et-massage-fontainebleau.fr\/index.php\/mon-rendez-vous-massage\/#primaryimage"},"thumbnailUrl":"https:\/\/www.resalib.fr\/env\/production\/images\/logo_app.png","datePublished":"2018-03-28T15:40:52+00:00","dateModified":"2024-04-13T19:16:24+00:00","description":"Mon rendez-vous massage \u00e0 Fontainebleau :r\u00e9servez votre s\u00e9ance Edonis, naturopathie, m\u00e9decine traditionnelle chinoise, pr\u00e9paration sportive, minceur...","breadcrumb":{"@id":"https:\/\/www.santenaturelle-et-massage-fontainebleau.fr\/index.php\/mon-rendez-vous-massage\/#breadcrumb"},"inLanguage":"fr-FR","potentialAction":[{"@type":"ReadAction","target":["https:\/\/www.santenaturelle-et-massage-fontainebleau.fr\/index.php\/mon-rendez-vous-massage\/"]}]},{"@type":"ImageObject","inLanguage":"fr-FR","@id":"https:\/\/www.santenaturelle-et-massage-fontainebleau.fr\/index.php\/mon-rendez-vous-massage\/#primaryimage","url":"https:\/\/www.resalib.fr\/env\/production\/images\/logo_app.png","contentUrl":"https:\/\/www.resalib.fr\/env\/production\/images\/logo_app.png"},{"@type":"BreadcrumbList","@id":"https:\/\/www.santenaturelle-et-massage-fontainebleau.fr\/index.php\/mon-rendez-vous-massage\/#breadcrumb","itemListElement":[{"@type":"ListItem","position":1,"name":"Accueil","item":"https:\/\/www.santenaturelle-et-massage-fontainebleau.fr\/"},{"@type":"ListItem","position":2,"name":"MON RENDEZ-VOUS MASSAGE"}]},{"@type":"WebSite","@id":"https:\/\/www.santenaturelle-et-massage-fontainebleau.fr\/#website","url":"https:\/\/www.santenaturelle-et-massage-fontainebleau.fr\/","name":"Sant\u00e9 Naturelle et Massage","description":"FONTAINEBLEAU","publisher":{"@id":"https:\/\/www.santenaturelle-et-massage-fontainebleau.fr\/#organization"},"potentialAction":[{"@type":"SearchAction","target":{"@type":"EntryPoint","urlTemplate":"https:\/\/www.santenaturelle-et-massage-fontainebleau.fr\/?s={search_term_string}"},"query-input":{"@type":"PropertyValueSpecification","valueRequired":true,"valueName":"search_term_string"}}],"inLanguage":"fr-FR"},{"@type":"Organization","@id":"https:\/\/www.santenaturelle-et-massage-fontainebleau.fr\/#organization","name":"Sant\u00e9 Naturelle et Massage","url":"https:\/\/www.santenaturelle-et-massage-fontainebleau.fr\/","logo":{"@type":"ImageObject","inLanguage":"fr-FR","@id":"https:\/\/www.santenaturelle-et-massage-fontainebleau.fr\/#\/schema\/logo\/image\/","url":"https:\/\/www.santenaturelle-et-massage-fontainebleau.fr\/wp-content\/uploads\/2020\/02\/cropped-thumbnail_22298-logotipo-Masages-Nathalie-02.jpg","contentUrl":"https:\/\/www.santenaturelle-et-massage-fontainebleau.fr\/wp-content\/uploads\/2020\/02\/cropped-thumbnail_22298-logotipo-Masages-Nathalie-02.jpg","width":250,"height":250,"caption":"Sant\u00e9 Naturelle et Massage"},"image":{"@id":"https:\/\/www.santenaturelle-et-massage-fontainebleau.fr\/#\/schema\/logo\/image\/"},"sameAs":["http:\/\/www.facebook.com\/SanteNaturelleMassageFontainebleau\/"]}]}},"_links":{"self":[{"href":"https:\/\/www.santenaturelle-et-massage-fontainebleau.fr\/index.php\/wp-json\/wp\/v2\/pages\/23","targetHints":{"allow":["GET"]}}],"collection":[{"href":"https:\/\/www.santenaturelle-et-massage-fontainebleau.fr\/index.php\/wp-json\/wp\/v2\/pages"}],"about":[{"href":"https:\/\/www.santenaturelle-et-massage-fontainebleau.fr\/index.php\/wp-json\/wp\/v2\/types\/page"}],"author":[{"embeddable":true,"href":"https:\/\/www.santenaturelle-et-massage-fontainebleau.fr\/index.php\/wp-json\/wp\/v2\/users\/3"}],"replies":[{"embeddable":true,"href":"https:\/\/www.santenaturelle-et-massage-fontainebleau.fr\/index.php\/wp-json\/wp\/v2\/comments?post=23"}],"version-history":[{"count":0,"href":"https:\/\/www.santenaturelle-et-massage-fontainebleau.fr\/index.php\/wp-json\/wp\/v2\/pages\/23\/revisions"}],"wp:attachment":[{"href":"https:\/\/www.santenaturelle-et-massage-fontainebleau.fr\/index.php\/wp-json\/wp\/v2\/media?parent=23"}],"curies":[{"name":"wp","href":"https:\/\/api.w.org\/{rel}","templated":true}]}}