{"id":21,"date":"2018-03-28T17:40:02","date_gmt":"2018-03-28T15:40:02","guid":{"rendered":"https:\/\/www.santenaturelle-et-massage-fontainebleau.fr\/?page_id=21"},"modified":"2022-08-17T12:17:06","modified_gmt":"2022-08-17T10:17:06","slug":"massages-bien-etre","status":"publish","type":"page","link":"https:\/\/www.santenaturelle-et-massage-fontainebleau.fr\/index.php\/massages-bien-etre\/","title":{"rendered":"MASSAGES ET BIEN-\u00caTRE"},"content":{"rendered":"<div class=\"wp-block-image\">\n<figure class=\"aligncenter size-thumbnail is-resized\"><img loading=\"lazy\" decoding=\"async\" src=\"https:\/\/www.santenaturelle-et-massage-fontainebleau.fr\/wp-content\/uploads\/2020\/05\/logo-sant\u00e9-naturelle-et-massage-fontainebleau-1024x1024-2-150x150.jpg\" alt=\"\" class=\"wp-image-989\" width=\"152\" height=\"152\" srcset=\"https:\/\/www.santenaturelle-et-massage-fontainebleau.fr\/wp-content\/uploads\/2020\/05\/logo-sant\u00e9-naturelle-et-massage-fontainebleau-1024x1024-2-150x150.jpg 150w, https:\/\/www.santenaturelle-et-massage-fontainebleau.fr\/wp-content\/uploads\/2020\/05\/logo-sant\u00e9-naturelle-et-massage-fontainebleau-1024x1024-2-300x300.jpg 300w, https:\/\/www.santenaturelle-et-massage-fontainebleau.fr\/wp-content\/uploads\/2020\/05\/logo-sant\u00e9-naturelle-et-massage-fontainebleau-1024x1024-2.jpg 1024w, https:\/\/www.santenaturelle-et-massage-fontainebleau.fr\/wp-content\/uploads\/2020\/05\/logo-sant\u00e9-naturelle-et-massage-fontainebleau-1024x1024-2-768x768.jpg 768w, https:\/\/www.santenaturelle-et-massage-fontainebleau.fr\/wp-content\/uploads\/2020\/05\/logo-sant\u00e9-naturelle-et-massage-fontainebleau-1024x1024-2-610x610.jpg 610w, https:\/\/www.santenaturelle-et-massage-fontainebleau.fr\/wp-content\/uploads\/2020\/05\/logo-sant\u00e9-naturelle-et-massage-fontainebleau-1024x1024-2-100x100.jpg 100w\" sizes=\"auto, (max-width: 152px) 100vw, 152px\" \/><\/figure>\n<\/div>\n\n\n<h1 class=\"has-text-align-center wp-block-heading\"><span style=\"color: #333333;\">Massages et bien-\u00eatre<\/span><\/h1>\n\n\n<div class=\"wp-block-image\">\n<figure class=\"aligncenter size-large\"><img loading=\"lazy\" decoding=\"async\" width=\"1024\" height=\"768\" src=\"https:\/\/www.santenaturelle-et-massage-fontainebleau.fr\/wp-content\/uploads\/2021\/04\/tarifs-sant\u00e9-naturelle-et-massage-fontainebleau-1-1024x768.jpg\" alt=\"si\u00e8ge massages et bien-\u00eatre\" class=\"wp-image-1070\" srcset=\"https:\/\/www.santenaturelle-et-massage-fontainebleau.fr\/wp-content\/uploads\/2021\/04\/tarifs-sant\u00e9-naturelle-et-massage-fontainebleau-1-1024x768.jpg 1024w, https:\/\/www.santenaturelle-et-massage-fontainebleau.fr\/wp-content\/uploads\/2021\/04\/tarifs-sant\u00e9-naturelle-et-massage-fontainebleau-1-300x225.jpg 300w, https:\/\/www.santenaturelle-et-massage-fontainebleau.fr\/wp-content\/uploads\/2021\/04\/tarifs-sant\u00e9-naturelle-et-massage-fontainebleau-1-768x576.jpg 768w, https:\/\/www.santenaturelle-et-massage-fontainebleau.fr\/wp-content\/uploads\/2021\/04\/tarifs-sant\u00e9-naturelle-et-massage-fontainebleau-1-1536x1152.jpg 1536w, https:\/\/www.santenaturelle-et-massage-fontainebleau.fr\/wp-content\/uploads\/2021\/04\/tarifs-sant\u00e9-naturelle-et-massage-fontainebleau-1-610x458.jpg 610w, https:\/\/www.santenaturelle-et-massage-fontainebleau.fr\/wp-content\/uploads\/2021\/04\/tarifs-sant\u00e9-naturelle-et-massage-fontainebleau-1.jpg 1600w\" sizes=\"auto, (max-width: 767px) 89vw, (max-width: 1000px) 54vw, (max-width: 1071px) 543px, 580px\" \/><\/figure>\n<\/div>\n\n\n<h2 class=\"has-text-align-center wp-block-heading\">Nathalie Rubio vous propose des s\u00e9ances sp\u00e9cifiques<br>massages et bien-\u00eatre, que l&rsquo;on nomme <br>la M\u00e9thode Edonis\u00ae.<\/h2>\n\n\n\n<p><\/p>\n\n\n\n<h4 class=\"has-text-align-center wp-block-heading\">Auriculoth\u00e9rapie, Moxibustion, M\u00e9decine Traditionnelle Chinoise (MTC), naturopathie&#8230;<\/h4>\n\n\n\n<p class=\"has-small-font-size\">Lors de vos s\u00e9ances, les <strong>th\u00e9matiques sant\u00e9<\/strong> suivantes peuvent \u00eatre trait\u00e9es : <\/p>\n\n\n\n<div class=\"wp-block-group\"><div class=\"wp-block-group__inner-container is-layout-flow wp-block-group-is-layout-flow\">\n<p class=\"has-small-font-size\">&#8211; Acouph\u00e8nes<\/p>\n\n\n\n<p class=\"has-small-font-size\">&#8211; Minceur<\/p>\n\n\n\n<p class=\"has-small-font-size\">&#8211; Circulation<\/p>\n\n\n\n<p class=\"has-small-font-size\">&#8211; Accouchement (malposition)<\/p>\n\n\n\n<p class=\"has-small-font-size\">&#8211; Acn\u00e9<\/p>\n\n\n\n<p class=\"has-small-font-size\">&#8211; Estime de soi<\/p>\n\n\n\n<p class=\"has-small-font-size\">&#8211; Concentration et m\u00e9moire<\/p>\n\n\n\n<p class=\"has-small-font-size\">&#8211; Psoriasis<\/p>\n\n\n\n<p class=\"has-small-font-size\">&#8211; Ecz\u00e9ma nerveux<\/p>\n\n\n\n<p class=\"has-small-font-size\">&#8211; \u00c9tat d\u00e9pressif<\/p>\n\n\n\n<p class=\"has-small-font-size\">&#8211; Fibromyalgie<\/p>\n\n\n\n<p class=\"has-small-font-size\">&#8211; <a href=\"https:\/\/www.santenaturelle-et-massage-fontainebleau.fr\/index.php\/preparation-sportive\/\">Pr\u00e9paration sportive<\/a><\/p>\n\n\n\n<p class=\"has-small-font-size\">&#8211; Insomnie<\/p>\n\n\n\n<p class=\"has-small-font-size\">&#8211; Inapp\u00e9tence<\/p>\n\n\n\n<p class=\"has-small-font-size\">&#8211; Crises boulimiques<\/p>\n\n\n\n<p class=\"has-small-font-size\">&#8211; Constipation<\/p>\n\n\n\n<p class=\"has-small-font-size\">&#8211; Diarrh\u00e9es chroniques<\/p>\n\n\n\n<p class=\"has-small-font-size\">&#8211; Br\u00fblures d&rsquo;estomac<\/p>\n\n\n\n<p class=\"has-small-font-size\">&#8211; Arr\u00eat du tabac<\/p>\n\n\n\n<p class=\"has-small-font-size\">&#8211; Spasmophilie<\/p>\n\n\n\n<p class=\"has-small-font-size\">&#8211; Mauvaise haleine<\/p>\n\n\n\n<p class=\"has-small-font-size\">&#8211; Aphtes<\/p>\n\n\n\n<p class=\"has-small-font-size\">&#8211; F\u00e9condit\u00e9<\/p>\n\n\n\n<p class=\"has-small-font-size\">&#8211; Libido<\/p>\n<\/div><\/div>\n\n\n\n<h4 class=\"has-text-align-right wp-block-heading\"><a href=\"https:\/\/www.santenaturelle-et-massage-fontainebleau.fr\/index.php\/mon-rendez-vous-massage\/\"><strong>R\u00e9server ma s\u00e9ance<\/strong><\/a><\/h4>\n\n\n<div class=\"wp-block-image\">\n<figure class=\"alignright\"><img loading=\"lazy\" decoding=\"async\" width=\"300\" height=\"200\" src=\"https:\/\/www.santenaturelle-et-massage-fontainebleau.fr\/wp-content\/uploads\/2018\/03\/MTC-300x200.jpg\" alt=\"massages et bien \u00eatre sant\u00e9 naturelle \" class=\"wp-image-30\" srcset=\"https:\/\/www.santenaturelle-et-massage-fontainebleau.fr\/wp-content\/uploads\/2018\/03\/MTC-300x200.jpg 300w, https:\/\/www.santenaturelle-et-massage-fontainebleau.fr\/wp-content\/uploads\/2018\/03\/MTC.jpg 400w\" sizes=\"auto, (max-width: 300px) 100vw, 300px\" \/><\/figure>\n<\/div>","protected":false},"excerpt":{"rendered":"<p>Massages et bien-\u00eatre Nathalie Rubio vous propose des s\u00e9ances sp\u00e9cifiquesmassages et bien-\u00eatre, que l&rsquo;on nomme la M\u00e9thode Edonis\u00ae. Auriculoth\u00e9rapie, Moxibustion, M\u00e9decine Traditionnelle Chinoise (MTC), naturopathie&#8230; Lors de vos s\u00e9ances, les th\u00e9matiques sant\u00e9 suivantes peuvent \u00eatre trait\u00e9es : &#8211; Acouph\u00e8nes &#8211; Minceur &#8211; Circulation &#8211; Accouchement (malposition) &#8211; Acn\u00e9 &#8211; Estime de soi &#8211; Concentration et &hellip; <\/p>\n<p class=\"link-more\"><a href=\"https:\/\/www.santenaturelle-et-massage-fontainebleau.fr\/index.php\/massages-bien-etre\/\" class=\"more-link\">Continuer la lecture<span class=\"screen-reader-text\"> de &laquo;&nbsp;MASSAGES ET BIEN-\u00caTRE&nbsp;&raquo;<\/span><\/a><\/p>\n","protected":false},"author":3,"featured_media":0,"parent":0,"menu_order":0,"comment_status":"closed","ping_status":"closed","template":"","meta":{"_exactmetrics_skip_tracking":false,"_exactmetrics_sitenote_active":false,"_exactmetrics_sitenote_note":"","_exactmetrics_sitenote_category":0,"footnotes":""},"class_list":["post-21","page","type-page","status-publish","hentry"],"yoast_head":"<!-- This site is optimized with the Yoast SEO plugin v27.5 - https:\/\/yoast.com\/product\/yoast-seo-wordpress\/ -->\n<title>MASSAGES ET BIEN-\u00caTRE - Sant\u00e9 Naturelle et Massage<\/title>\n<meta name=\"description\" content=\"C&#039;est au c\u0153ur du d\u00e9partement de la Seine et Marne que Nathalie Rubio vous re\u00e7oit pour partager tout l&#039;univers des massages et bien-\u00eatre et m\u00e9decines douces.\" \/>\n<meta name=\"robots\" content=\"index, follow, max-snippet:-1, max-image-preview:large, max-video-preview:-1\" \/>\n<link rel=\"canonical\" href=\"https:\/\/www.santenaturelle-et-massage-fontainebleau.fr\/index.php\/massages-bien-etre\/\" \/>\n<meta name=\"twitter:card\" content=\"summary_large_image\" \/>\n<meta name=\"twitter:title\" content=\"MASSAGES ET BIEN-\u00caTRE - Sant\u00e9 Naturelle et Massage\" \/>\n<meta name=\"twitter:description\" content=\"C&#039;est au c\u0153ur du d\u00e9partement de la Seine et Marne que Nathalie Rubio vous re\u00e7oit pour partager tout l&#039;univers des massages et bien-\u00eatre et m\u00e9decines douces.\" \/>\n<meta name=\"twitter:image\" content=\"https:\/\/www.santenaturelle-et-massage-fontainebleau.fr\/wp-content\/uploads\/2018\/03\/MTC.jpg\" \/>\n<meta name=\"twitter:label1\" content=\"Dur\u00e9e de lecture estim\u00e9e\" \/>\n\t<meta name=\"twitter:data1\" content=\"1 minute\" \/>\n<script type=\"application\/ld+json\" class=\"yoast-schema-graph\">{\"@context\":\"https:\\\/\\\/schema.org\",\"@graph\":[{\"@type\":\"WebPage\",\"@id\":\"https:\\\/\\\/www.santenaturelle-et-massage-fontainebleau.fr\\\/index.php\\\/massages-bien-etre\\\/\",\"url\":\"https:\\\/\\\/www.santenaturelle-et-massage-fontainebleau.fr\\\/index.php\\\/massages-bien-etre\\\/\",\"name\":\"MASSAGES ET BIEN-\u00caTRE - Sant\u00e9 Naturelle et Massage\",\"isPartOf\":{\"@id\":\"https:\\\/\\\/www.santenaturelle-et-massage-fontainebleau.fr\\\/#website\"},\"primaryImageOfPage\":{\"@id\":\"https:\\\/\\\/www.santenaturelle-et-massage-fontainebleau.fr\\\/index.php\\\/massages-bien-etre\\\/#primaryimage\"},\"image\":{\"@id\":\"https:\\\/\\\/www.santenaturelle-et-massage-fontainebleau.fr\\\/index.php\\\/massages-bien-etre\\\/#primaryimage\"},\"thumbnailUrl\":\"https:\\\/\\\/www.santenaturelle-et-massage-fontainebleau.fr\\\/wp-content\\\/uploads\\\/2018\\\/03\\\/MTC-300x200.jpg\",\"datePublished\":\"2018-03-28T15:40:02+00:00\",\"dateModified\":\"2022-08-17T10:17:06+00:00\",\"description\":\"C'est au c\u0153ur du d\u00e9partement de la Seine et Marne que Nathalie Rubio vous re\u00e7oit pour partager tout l'univers des massages et bien-\u00eatre et m\u00e9decines douces.\",\"breadcrumb\":{\"@id\":\"https:\\\/\\\/www.santenaturelle-et-massage-fontainebleau.fr\\\/index.php\\\/massages-bien-etre\\\/#breadcrumb\"},\"inLanguage\":\"fr-FR\",\"potentialAction\":[{\"@type\":\"ReadAction\",\"target\":[\"https:\\\/\\\/www.santenaturelle-et-massage-fontainebleau.fr\\\/index.php\\\/massages-bien-etre\\\/\"]}]},{\"@type\":\"ImageObject\",\"inLanguage\":\"fr-FR\",\"@id\":\"https:\\\/\\\/www.santenaturelle-et-massage-fontainebleau.fr\\\/index.php\\\/massages-bien-etre\\\/#primaryimage\",\"url\":\"https:\\\/\\\/www.santenaturelle-et-massage-fontainebleau.fr\\\/wp-content\\\/uploads\\\/2018\\\/03\\\/MTC.jpg\",\"contentUrl\":\"https:\\\/\\\/www.santenaturelle-et-massage-fontainebleau.fr\\\/wp-content\\\/uploads\\\/2018\\\/03\\\/MTC.jpg\",\"width\":400,\"height\":267,\"caption\":\"massages et bien \u00eatre sant\u00e9 naturelle\"},{\"@type\":\"BreadcrumbList\",\"@id\":\"https:\\\/\\\/www.santenaturelle-et-massage-fontainebleau.fr\\\/index.php\\\/massages-bien-etre\\\/#breadcrumb\",\"itemListElement\":[{\"@type\":\"ListItem\",\"position\":1,\"name\":\"Accueil\",\"item\":\"https:\\\/\\\/www.santenaturelle-et-massage-fontainebleau.fr\\\/\"},{\"@type\":\"ListItem\",\"position\":2,\"name\":\"MASSAGES ET BIEN-\u00caTRE\"}]},{\"@type\":\"WebSite\",\"@id\":\"https:\\\/\\\/www.santenaturelle-et-massage-fontainebleau.fr\\\/#website\",\"url\":\"https:\\\/\\\/www.santenaturelle-et-massage-fontainebleau.fr\\\/\",\"name\":\"Sant\u00e9 Naturelle et Massage\",\"description\":\"FONTAINEBLEAU\",\"publisher\":{\"@id\":\"https:\\\/\\\/www.santenaturelle-et-massage-fontainebleau.fr\\\/#organization\"},\"potentialAction\":[{\"@type\":\"SearchAction\",\"target\":{\"@type\":\"EntryPoint\",\"urlTemplate\":\"https:\\\/\\\/www.santenaturelle-et-massage-fontainebleau.fr\\\/?s={search_term_string}\"},\"query-input\":{\"@type\":\"PropertyValueSpecification\",\"valueRequired\":true,\"valueName\":\"search_term_string\"}}],\"inLanguage\":\"fr-FR\"},{\"@type\":\"Organization\",\"@id\":\"https:\\\/\\\/www.santenaturelle-et-massage-fontainebleau.fr\\\/#organization\",\"name\":\"Sant\u00e9 Naturelle et Massage\",\"url\":\"https:\\\/\\\/www.santenaturelle-et-massage-fontainebleau.fr\\\/\",\"logo\":{\"@type\":\"ImageObject\",\"inLanguage\":\"fr-FR\",\"@id\":\"https:\\\/\\\/www.santenaturelle-et-massage-fontainebleau.fr\\\/#\\\/schema\\\/logo\\\/image\\\/\",\"url\":\"https:\\\/\\\/www.santenaturelle-et-massage-fontainebleau.fr\\\/wp-content\\\/uploads\\\/2020\\\/02\\\/cropped-thumbnail_22298-logotipo-Masages-Nathalie-02.jpg\",\"contentUrl\":\"https:\\\/\\\/www.santenaturelle-et-massage-fontainebleau.fr\\\/wp-content\\\/uploads\\\/2020\\\/02\\\/cropped-thumbnail_22298-logotipo-Masages-Nathalie-02.jpg\",\"width\":250,\"height\":250,\"caption\":\"Sant\u00e9 Naturelle et Massage\"},\"image\":{\"@id\":\"https:\\\/\\\/www.santenaturelle-et-massage-fontainebleau.fr\\\/#\\\/schema\\\/logo\\\/image\\\/\"},\"sameAs\":[\"http:\\\/\\\/www.facebook.com\\\/SanteNaturelleMassageFontainebleau\\\/\"]}]}<\/script>\n<!-- \/ Yoast SEO plugin. -->","yoast_head_json":{"title":"MASSAGES ET BIEN-\u00caTRE - Sant\u00e9 Naturelle et Massage","description":"C'est au c\u0153ur du d\u00e9partement de la Seine et Marne que Nathalie Rubio vous re\u00e7oit pour partager tout l'univers des massages et bien-\u00eatre et m\u00e9decines douces.","robots":{"index":"index","follow":"follow","max-snippet":"max-snippet:-1","max-image-preview":"max-image-preview:large","max-video-preview":"max-video-preview:-1"},"canonical":"https:\/\/www.santenaturelle-et-massage-fontainebleau.fr\/index.php\/massages-bien-etre\/","twitter_card":"summary_large_image","twitter_title":"MASSAGES ET BIEN-\u00caTRE - Sant\u00e9 Naturelle et Massage","twitter_description":"C'est au c\u0153ur du d\u00e9partement de la Seine et Marne que Nathalie Rubio vous re\u00e7oit pour partager tout l'univers des massages et bien-\u00eatre et m\u00e9decines douces.","twitter_image":"https:\/\/www.santenaturelle-et-massage-fontainebleau.fr\/wp-content\/uploads\/2018\/03\/MTC.jpg","twitter_misc":{"Dur\u00e9e de lecture estim\u00e9e":"1 minute"},"schema":{"@context":"https:\/\/schema.org","@graph":[{"@type":"WebPage","@id":"https:\/\/www.santenaturelle-et-massage-fontainebleau.fr\/index.php\/massages-bien-etre\/","url":"https:\/\/www.santenaturelle-et-massage-fontainebleau.fr\/index.php\/massages-bien-etre\/","name":"MASSAGES ET BIEN-\u00caTRE - Sant\u00e9 Naturelle et Massage","isPartOf":{"@id":"https:\/\/www.santenaturelle-et-massage-fontainebleau.fr\/#website"},"primaryImageOfPage":{"@id":"https:\/\/www.santenaturelle-et-massage-fontainebleau.fr\/index.php\/massages-bien-etre\/#primaryimage"},"image":{"@id":"https:\/\/www.santenaturelle-et-massage-fontainebleau.fr\/index.php\/massages-bien-etre\/#primaryimage"},"thumbnailUrl":"https:\/\/www.santenaturelle-et-massage-fontainebleau.fr\/wp-content\/uploads\/2018\/03\/MTC-300x200.jpg","datePublished":"2018-03-28T15:40:02+00:00","dateModified":"2022-08-17T10:17:06+00:00","description":"C'est au c\u0153ur du d\u00e9partement de la Seine et Marne que Nathalie Rubio vous re\u00e7oit pour partager tout l'univers des massages et bien-\u00eatre et m\u00e9decines douces.","breadcrumb":{"@id":"https:\/\/www.santenaturelle-et-massage-fontainebleau.fr\/index.php\/massages-bien-etre\/#breadcrumb"},"inLanguage":"fr-FR","potentialAction":[{"@type":"ReadAction","target":["https:\/\/www.santenaturelle-et-massage-fontainebleau.fr\/index.php\/massages-bien-etre\/"]}]},{"@type":"ImageObject","inLanguage":"fr-FR","@id":"https:\/\/www.santenaturelle-et-massage-fontainebleau.fr\/index.php\/massages-bien-etre\/#primaryimage","url":"https:\/\/www.santenaturelle-et-massage-fontainebleau.fr\/wp-content\/uploads\/2018\/03\/MTC.jpg","contentUrl":"https:\/\/www.santenaturelle-et-massage-fontainebleau.fr\/wp-content\/uploads\/2018\/03\/MTC.jpg","width":400,"height":267,"caption":"massages et bien \u00eatre sant\u00e9 naturelle"},{"@type":"BreadcrumbList","@id":"https:\/\/www.santenaturelle-et-massage-fontainebleau.fr\/index.php\/massages-bien-etre\/#breadcrumb","itemListElement":[{"@type":"ListItem","position":1,"name":"Accueil","item":"https:\/\/www.santenaturelle-et-massage-fontainebleau.fr\/"},{"@type":"ListItem","position":2,"name":"MASSAGES ET BIEN-\u00caTRE"}]},{"@type":"WebSite","@id":"https:\/\/www.santenaturelle-et-massage-fontainebleau.fr\/#website","url":"https:\/\/www.santenaturelle-et-massage-fontainebleau.fr\/","name":"Sant\u00e9 Naturelle et Massage","description":"FONTAINEBLEAU","publisher":{"@id":"https:\/\/www.santenaturelle-et-massage-fontainebleau.fr\/#organization"},"potentialAction":[{"@type":"SearchAction","target":{"@type":"EntryPoint","urlTemplate":"https:\/\/www.santenaturelle-et-massage-fontainebleau.fr\/?s={search_term_string}"},"query-input":{"@type":"PropertyValueSpecification","valueRequired":true,"valueName":"search_term_string"}}],"inLanguage":"fr-FR"},{"@type":"Organization","@id":"https:\/\/www.santenaturelle-et-massage-fontainebleau.fr\/#organization","name":"Sant\u00e9 Naturelle et Massage","url":"https:\/\/www.santenaturelle-et-massage-fontainebleau.fr\/","logo":{"@type":"ImageObject","inLanguage":"fr-FR","@id":"https:\/\/www.santenaturelle-et-massage-fontainebleau.fr\/#\/schema\/logo\/image\/","url":"https:\/\/www.santenaturelle-et-massage-fontainebleau.fr\/wp-content\/uploads\/2020\/02\/cropped-thumbnail_22298-logotipo-Masages-Nathalie-02.jpg","contentUrl":"https:\/\/www.santenaturelle-et-massage-fontainebleau.fr\/wp-content\/uploads\/2020\/02\/cropped-thumbnail_22298-logotipo-Masages-Nathalie-02.jpg","width":250,"height":250,"caption":"Sant\u00e9 Naturelle et Massage"},"image":{"@id":"https:\/\/www.santenaturelle-et-massage-fontainebleau.fr\/#\/schema\/logo\/image\/"},"sameAs":["http:\/\/www.facebook.com\/SanteNaturelleMassageFontainebleau\/"]}]}},"_links":{"self":[{"href":"https:\/\/www.santenaturelle-et-massage-fontainebleau.fr\/index.php\/wp-json\/wp\/v2\/pages\/21","targetHints":{"allow":["GET"]}}],"collection":[{"href":"https:\/\/www.santenaturelle-et-massage-fontainebleau.fr\/index.php\/wp-json\/wp\/v2\/pages"}],"about":[{"href":"https:\/\/www.santenaturelle-et-massage-fontainebleau.fr\/index.php\/wp-json\/wp\/v2\/types\/page"}],"author":[{"embeddable":true,"href":"https:\/\/www.santenaturelle-et-massage-fontainebleau.fr\/index.php\/wp-json\/wp\/v2\/users\/3"}],"replies":[{"embeddable":true,"href":"https:\/\/www.santenaturelle-et-massage-fontainebleau.fr\/index.php\/wp-json\/wp\/v2\/comments?post=21"}],"version-history":[{"count":0,"href":"https:\/\/www.santenaturelle-et-massage-fontainebleau.fr\/index.php\/wp-json\/wp\/v2\/pages\/21\/revisions"}],"wp:attachment":[{"href":"https:\/\/www.santenaturelle-et-massage-fontainebleau.fr\/index.php\/wp-json\/wp\/v2\/media?parent=21"}],"curies":[{"name":"wp","href":"https:\/\/api.w.org\/{rel}","templated":true}]}}